{"id":4926,"date":"2025-07-24T13:53:27","date_gmt":"2025-07-24T13:53:27","guid":{"rendered":"http:\/\/hotel-masaimara.com\/?page_id=4926"},"modified":"2026-02-20T14:58:59","modified_gmt":"2026-02-20T14:58:59","slug":"aktivitaten","status":"publish","type":"page","link":"https:\/\/hotel-masaimara.com\/en\/aktivitaten\/","title":{"rendered":"Activities"},"content":{"rendered":"<div data-elementor-type=\"wp-page\" data-elementor-id=\"4926\" class=\"elementor elementor-4926\">\n\t\t\t\t<div class=\"elementor-element elementor-element-ac604f1 e-con-full e-flex e-con e-parent\" data-id=\"ac604f1\" data-element_type=\"container\" data-settings=\"{&quot;background_background&quot;:&quot;classic&quot;}\">\n\t\t\t\t<div class=\"elementor-element elementor-element-5af6dc7e elementor-widget elementor-widget-heading\" data-id=\"5af6dc7e\" data-element_type=\"widget\" data-widget_type=\"heading.default\">\n\t\t\t\t<div class=\"elementor-widget-container\">\n\t\t\t\t\t<h2 class=\"elementor-heading-title elementor-size-default\">Activities<\/h2>\t\t\t\t<\/div>\n\t\t\t\t<\/div>\n\t\t\t\t<\/div>\n\t\t<div class=\"elementor-element elementor-element-3fe68274 e-flex e-con-boxed e-con e-parent\" data-id=\"3fe68274\" data-element_type=\"container\">\n\t\t\t\t\t<div class=\"e-con-inner\">\n\t\t\t\t<div class=\"elementor-element elementor-element-3a8d6e42 animated-fast elementor-invisible elementor-widget elementor-widget-uxper-modern-heading\" data-id=\"3a8d6e42\" data-element_type=\"widget\" data-settings=\"{&quot;_animation&quot;:&quot;uxperFadeInUp&quot;}\" data-widget_type=\"uxper-modern-heading.default\">\n\t\t\t\t<div class=\"elementor-widget-container\">\n\t\t\t\t\t\t\t<div class=\"ue-morden-heading\">\r\n\t\t\t            <div class=\"uxper-ele-heading\">\r\n                                                    <h2 class=\"heading-title\">Nature, discovery &amp; relaxation <br> Your time out at the Masai Mara Resort<\/h2>\r\n                                                                <div class=\"heading-description\">\r\n                    <p>Welcome to the Masai Mara Resort - where nature begins right on your doorstep. Whether you're looking for romantic togetherness, family adventures or a break for nature lovers, our resort offers the perfect combination of activity, relaxation and authentic island charm.<\/p>                <\/div>\r\n                            <\/div>\r\n        \t\t<\/div>\r\n\t\t\t\t<\/div>\n\t\t\t\t<\/div>\n\t\t\t\t\t<\/div>\n\t\t\t\t<\/div>\n\t\t<div class=\"elementor-element elementor-element-30d7447 e-flex e-con-boxed e-con e-parent\" data-id=\"30d7447\" data-element_type=\"container\">\n\t\t\t\t\t<div class=\"e-con-inner\">\n\t\t<div class=\"elementor-element elementor-element-22b172c e-h-100 e-con-full e-flex e-con e-child\" data-id=\"22b172c\" data-element_type=\"container\">\n\t\t<div class=\"elementor-element elementor-element-b2191a1 e-con-full e-h-100 e-flex e-con e-child\" data-id=\"b2191a1\" data-element_type=\"container\">\n\t\t\t\t<div class=\"elementor-element elementor-element-8cdd29a elementor-widget elementor-widget-spacer\" data-id=\"8cdd29a\" data-element_type=\"widget\" data-widget_type=\"spacer.default\">\n\t\t\t\t<div class=\"elementor-widget-container\">\n\t\t\t\t\t\t\t<div class=\"elementor-spacer\">\n\t\t\t<div class=\"elementor-spacer-inner\"><\/div>\n\t\t<\/div>\n\t\t\t\t\t\t<\/div>\n\t\t\t\t<\/div>\n\t\t\t\t<div class=\"elementor-element elementor-element-c29552a animated-fast elementor-invisible elementor-widget elementor-widget-image\" data-id=\"c29552a\" data-element_type=\"widget\" data-settings=\"{&quot;_animation&quot;:&quot;uxperFadeInRight&quot;}\" data-widget_type=\"image.default\">\n\t\t\t\t<div class=\"elementor-widget-container\">\n\t\t\t\t\t\t\t\t\t\t\t\t\t\t\t<img fetchpriority=\"high\" decoding=\"async\" width=\"1600\" height=\"1204\" src=\"https:\/\/hotel-masaimara.com\/wp-content\/uploads\/2021\/06\/IMG-20250613-WA0054.webp\" class=\"attachment-full size-full wp-image-4653\" alt=\"\" srcset=\"https:\/\/hotel-masaimara.com\/wp-content\/uploads\/2021\/06\/IMG-20250613-WA0054.webp 1600w, https:\/\/hotel-masaimara.com\/wp-content\/uploads\/2021\/06\/IMG-20250613-WA0054-300x226.webp 300w, https:\/\/hotel-masaimara.com\/wp-content\/uploads\/2021\/06\/IMG-20250613-WA0054-1024x771.webp 1024w, https:\/\/hotel-masaimara.com\/wp-content\/uploads\/2021\/06\/IMG-20250613-WA0054-768x578.webp 768w, https:\/\/hotel-masaimara.com\/wp-content\/uploads\/2021\/06\/IMG-20250613-WA0054-1536x1156.webp 1536w, https:\/\/hotel-masaimara.com\/wp-content\/uploads\/2021\/06\/IMG-20250613-WA0054-600x452.webp 600w\" sizes=\"(max-width: 1600px) 100vw, 1600px\" \/>\t\t\t\t\t\t\t\t\t\t\t\t\t\t\t<\/div>\n\t\t\t\t<\/div>\n\t\t\t\t<\/div>\n\t\t<div class=\"elementor-element elementor-element-9f3fd3d e-con-full animated-fast e-flex elementor-invisible e-con e-child\" data-id=\"9f3fd3d\" data-element_type=\"container\" data-settings=\"{&quot;background_background&quot;:&quot;classic&quot;,&quot;animation&quot;:&quot;uxperFadeInLeft&quot;}\">\n\t\t\t\t<div class=\"elementor-element elementor-element-1bf0a68 animated-fast elementor-invisible elementor-widget elementor-widget-uxper-modern-heading\" data-id=\"1bf0a68\" data-element_type=\"widget\" data-settings=\"{&quot;_animation&quot;:&quot;uxperFadeInUp&quot;}\" data-widget_type=\"uxper-modern-heading.default\">\n\t\t\t\t<div class=\"elementor-widget-container\">\n\t\t\t\t\t\t\t<div class=\"ue-morden-heading\">\r\n\t\t\t            <div class=\"uxper-ele-heading\">\r\n                                                    <h2 class=\"heading-title\">Discover together - experience hiking &amp; nature<\/h2>\r\n                                                                <div class=\"heading-description\">\r\n                    <p>Set off as a couple or with the whole family on well-signposted paths through palm groves and fragrant orange plantations. The varied landscape with deep gorges, green terraced fields and impressive rock formations invites you to explore. Discover tranquil reservoirs, colorful wildflowers and exotic plants - a paradise for nature lovers of all ages.<\/p>                <\/div>\r\n                            <\/div>\r\n        \t\t<\/div>\r\n\t\t\t\t<\/div>\n\t\t\t\t<\/div>\n\t\t\t\t<\/div>\n\t\t\t\t<\/div>\n\t\t\t\t\t<\/div>\n\t\t\t\t<\/div>\n\t\t<div class=\"elementor-element elementor-element-313f29f e-h-100 e-flex e-con-boxed e-con e-child\" data-id=\"313f29f\" data-element_type=\"container\">\n\t\t\t\t\t<div class=\"e-con-inner\">\n\t\t<div class=\"elementor-element elementor-element-ff1440e e-con-full e-h-100 e-flex e-con e-child\" data-id=\"ff1440e\" data-element_type=\"container\">\n\t\t\t\t<div class=\"elementor-element elementor-element-12799db animated-fast elementor-invisible elementor-widget elementor-widget-image\" data-id=\"12799db\" data-element_type=\"widget\" data-settings=\"{&quot;_animation&quot;:&quot;uxperFadeInLeft&quot;}\" data-widget_type=\"image.default\">\n\t\t\t\t<div class=\"elementor-widget-container\">\n\t\t\t\t\t\t\t\t\t\t\t\t\t\t\t<img decoding=\"async\" width=\"2048\" height=\"1536\" src=\"https:\/\/hotel-masaimara.com\/wp-content\/uploads\/2025\/09\/WhatsApp-Image-2025-07-31-at-12.16.57.jpeg\" class=\"attachment-full size-full wp-image-5329\" alt=\"\" srcset=\"https:\/\/hotel-masaimara.com\/wp-content\/uploads\/2025\/09\/WhatsApp-Image-2025-07-31-at-12.16.57.jpeg 2048w, https:\/\/hotel-masaimara.com\/wp-content\/uploads\/2025\/09\/WhatsApp-Image-2025-07-31-at-12.16.57-300x225.jpeg 300w, https:\/\/hotel-masaimara.com\/wp-content\/uploads\/2025\/09\/WhatsApp-Image-2025-07-31-at-12.16.57-1024x768.jpeg 1024w, https:\/\/hotel-masaimara.com\/wp-content\/uploads\/2025\/09\/WhatsApp-Image-2025-07-31-at-12.16.57-768x576.jpeg 768w, https:\/\/hotel-masaimara.com\/wp-content\/uploads\/2025\/09\/WhatsApp-Image-2025-07-31-at-12.16.57-1536x1152.jpeg 1536w, https:\/\/hotel-masaimara.com\/wp-content\/uploads\/2025\/09\/WhatsApp-Image-2025-07-31-at-12.16.57-16x12.jpeg 16w\" sizes=\"(max-width: 2048px) 100vw, 2048px\" \/>\t\t\t\t\t\t\t\t\t\t\t\t\t\t\t<\/div>\n\t\t\t\t<\/div>\n\t\t\t\t<\/div>\n\t\t<div class=\"elementor-element elementor-element-d250307 e-con-full animated-fast e-flex elementor-invisible e-con e-child\" data-id=\"d250307\" data-element_type=\"container\" data-settings=\"{&quot;background_background&quot;:&quot;classic&quot;,&quot;animation&quot;:&quot;uxperFadeInLeft&quot;}\">\n\t\t\t\t<div class=\"elementor-element elementor-element-ea98ba5 animated-fast elementor-invisible elementor-widget elementor-widget-uxper-modern-heading\" data-id=\"ea98ba5\" data-element_type=\"widget\" data-settings=\"{&quot;_animation&quot;:&quot;uxperFadeInUp&quot;}\" data-widget_type=\"uxper-modern-heading.default\">\n\t\t\t\t<div class=\"elementor-widget-container\">\n\t\t\t\t\t\t\t<div class=\"ue-morden-heading\">\r\n\t\t\t            <div class=\"uxper-ele-heading\">\r\n                                                    <h2 class=\"heading-title\">Relax after the adventure<\/h2>\r\n                                                                <div class=\"heading-description\">\r\n                    <p>After an eventful day, our sun terrace and bar invite you to linger. Couples enjoy a cocktail here at sunset, families relax together with a cool drink. A place to take a deep breath and enjoy the view of the orange groves.<\/p>                <\/div>\r\n                            <\/div>\r\n        \t\t<\/div>\r\n\t\t\t\t<\/div>\n\t\t\t\t<\/div>\n\t\t\t\t<\/div>\n\t\t\t\t\t<\/div>\n\t\t\t\t<\/div>\n\t\t<div class=\"elementor-element elementor-element-b2e28eb e-flex e-con-boxed e-con e-parent\" data-id=\"b2e28eb\" data-element_type=\"container\">\n\t\t\t\t\t<div class=\"e-con-inner\">\n\t\t\t\t<div class=\"elementor-element elementor-element-b627425 elementor-widget elementor-widget-spacer\" data-id=\"b627425\" data-element_type=\"widget\" data-widget_type=\"spacer.default\">\n\t\t\t\t<div class=\"elementor-widget-container\">\n\t\t\t\t\t\t\t<div class=\"elementor-spacer\">\n\t\t\t<div class=\"elementor-spacer-inner\"><\/div>\n\t\t<\/div>\n\t\t\t\t\t\t<\/div>\n\t\t\t\t<\/div>\n\t\t\t\t\t<\/div>\n\t\t\t\t<\/div>\n\t\t<div class=\"elementor-element elementor-element-dae7b38 e-h-100 e-flex e-con-boxed e-con e-child\" data-id=\"dae7b38\" data-element_type=\"container\">\n\t\t\t\t\t<div class=\"e-con-inner\">\n\t\t<div class=\"elementor-element elementor-element-6b8c1ac e-con-full e-h-100 e-flex e-con e-child\" data-id=\"6b8c1ac\" data-element_type=\"container\">\n\t\t\t\t<div class=\"elementor-element elementor-element-ab92d03 animated-fast elementor-invisible elementor-widget elementor-widget-image\" data-id=\"ab92d03\" data-element_type=\"widget\" data-settings=\"{&quot;_animation&quot;:&quot;uxperFadeInRight&quot;}\" data-widget_type=\"image.default\">\n\t\t\t\t<div class=\"elementor-widget-container\">\n\t\t\t\t\t\t\t\t\t\t\t\t\t\t\t<img decoding=\"async\" width=\"2048\" height=\"1536\" src=\"https:\/\/hotel-masaimara.com\/wp-content\/uploads\/2026\/02\/WhatsApp-Image-2026-02-19-at-12.54.14-4.jpeg\" class=\"attachment-full size-full wp-image-5453\" alt=\"\" srcset=\"https:\/\/hotel-masaimara.com\/wp-content\/uploads\/2026\/02\/WhatsApp-Image-2026-02-19-at-12.54.14-4.jpeg 2048w, https:\/\/hotel-masaimara.com\/wp-content\/uploads\/2026\/02\/WhatsApp-Image-2026-02-19-at-12.54.14-4-300x225.jpeg 300w, https:\/\/hotel-masaimara.com\/wp-content\/uploads\/2026\/02\/WhatsApp-Image-2026-02-19-at-12.54.14-4-1024x768.jpeg 1024w, https:\/\/hotel-masaimara.com\/wp-content\/uploads\/2026\/02\/WhatsApp-Image-2026-02-19-at-12.54.14-4-768x576.jpeg 768w, https:\/\/hotel-masaimara.com\/wp-content\/uploads\/2026\/02\/WhatsApp-Image-2026-02-19-at-12.54.14-4-1536x1152.jpeg 1536w, https:\/\/hotel-masaimara.com\/wp-content\/uploads\/2026\/02\/WhatsApp-Image-2026-02-19-at-12.54.14-4-16x12.jpeg 16w\" sizes=\"(max-width: 2048px) 100vw, 2048px\" \/>\t\t\t\t\t\t\t\t\t\t\t\t\t\t\t<\/div>\n\t\t\t\t<\/div>\n\t\t\t\t<\/div>\n\t\t<div class=\"elementor-element elementor-element-40aa090 e-con-full animated-fast e-flex elementor-invisible e-con e-child\" data-id=\"40aa090\" data-element_type=\"container\" data-settings=\"{&quot;background_background&quot;:&quot;classic&quot;,&quot;animation&quot;:&quot;uxperFadeInLeft&quot;}\">\n\t\t\t\t<div class=\"elementor-element elementor-element-3a3001a animated-fast elementor-invisible elementor-widget elementor-widget-uxper-modern-heading\" data-id=\"3a3001a\" data-element_type=\"widget\" data-settings=\"{&quot;_animation&quot;:&quot;uxperFadeInUp&quot;}\" data-widget_type=\"uxper-modern-heading.default\">\n\t\t\t\t<div class=\"elementor-widget-container\">\n\t\t\t\t\t\t\t<div class=\"ue-morden-heading\">\r\n\t\t\t            <div class=\"uxper-ele-heading\">\r\n                                                    <h2 class=\"heading-title\">Island culture up close - excursions to mountain villages<\/h2>\r\n                                                                <div class=\"heading-description\">\r\n                    <p>Take a day trip to one of the island's traditional mountain villages. Stroll through historic alleyways, sample home-made specialties and be inspired by the warm hospitality. A valuable experience for couples and families alike.<\/p>                <\/div>\r\n                            <\/div>\r\n        \t\t<\/div>\r\n\t\t\t\t<\/div>\n\t\t\t\t<\/div>\n\t\t\t\t<\/div>\n\t\t\t\t\t<\/div>\n\t\t\t\t<\/div>\n\t\t<div class=\"elementor-element elementor-element-a48263c e-flex e-con-boxed e-con e-parent\" data-id=\"a48263c\" data-element_type=\"container\">\n\t\t\t\t\t<div class=\"e-con-inner\">\n\t\t<div class=\"elementor-element elementor-element-49e249d e-h-100 e-con-full e-flex e-con e-child\" data-id=\"49e249d\" data-element_type=\"container\">\n\t\t<div class=\"elementor-element elementor-element-d492713 e-con-full e-h-100 e-flex e-con e-child\" data-id=\"d492713\" data-element_type=\"container\">\n\t\t\t\t<div class=\"elementor-element elementor-element-c522c9e elementor-widget elementor-widget-spacer\" data-id=\"c522c9e\" data-element_type=\"widget\" data-widget_type=\"spacer.default\">\n\t\t\t\t<div class=\"elementor-widget-container\">\n\t\t\t\t\t\t\t<div class=\"elementor-spacer\">\n\t\t\t<div class=\"elementor-spacer-inner\"><\/div>\n\t\t<\/div>\n\t\t\t\t\t\t<\/div>\n\t\t\t\t<\/div>\n\t\t\t\t<div class=\"elementor-element elementor-element-36ce475 animated-fast elementor-invisible elementor-widget elementor-widget-image\" data-id=\"36ce475\" data-element_type=\"widget\" data-settings=\"{&quot;_animation&quot;:&quot;uxperFadeInLeft&quot;}\" data-widget_type=\"image.default\">\n\t\t\t\t<div class=\"elementor-widget-container\">\n\t\t\t\t\t\t\t\t\t\t\t\t\t\t\t<img loading=\"lazy\" decoding=\"async\" width=\"1600\" height=\"1200\" src=\"https:\/\/hotel-masaimara.com\/wp-content\/uploads\/2021\/06\/WhatsApp-Goersel-2025-06-27-saat-11.55.39_3ca5a5ea.webp\" class=\"attachment-full size-full wp-image-4668\" alt=\"\" srcset=\"https:\/\/hotel-masaimara.com\/wp-content\/uploads\/2021\/06\/WhatsApp-Goersel-2025-06-27-saat-11.55.39_3ca5a5ea.webp 1600w, https:\/\/hotel-masaimara.com\/wp-content\/uploads\/2021\/06\/WhatsApp-Goersel-2025-06-27-saat-11.55.39_3ca5a5ea-300x225.webp 300w, https:\/\/hotel-masaimara.com\/wp-content\/uploads\/2021\/06\/WhatsApp-Goersel-2025-06-27-saat-11.55.39_3ca5a5ea-1024x768.webp 1024w, https:\/\/hotel-masaimara.com\/wp-content\/uploads\/2021\/06\/WhatsApp-Goersel-2025-06-27-saat-11.55.39_3ca5a5ea-768x576.webp 768w, https:\/\/hotel-masaimara.com\/wp-content\/uploads\/2021\/06\/WhatsApp-Goersel-2025-06-27-saat-11.55.39_3ca5a5ea-1536x1152.webp 1536w, https:\/\/hotel-masaimara.com\/wp-content\/uploads\/2021\/06\/WhatsApp-Goersel-2025-06-27-saat-11.55.39_3ca5a5ea-600x450.webp 600w\" sizes=\"(max-width: 1600px) 100vw, 1600px\" \/>\t\t\t\t\t\t\t\t\t\t\t\t\t\t\t<\/div>\n\t\t\t\t<\/div>\n\t\t\t\t<\/div>\n\t\t<div class=\"elementor-element elementor-element-3691353 e-con-full animated-fast e-flex elementor-invisible e-con e-child\" data-id=\"3691353\" data-element_type=\"container\" data-settings=\"{&quot;background_background&quot;:&quot;classic&quot;,&quot;animation&quot;:&quot;uxperFadeInLeft&quot;}\">\n\t\t\t\t<div class=\"elementor-element elementor-element-539179f animated-fast elementor-invisible elementor-widget elementor-widget-uxper-modern-heading\" data-id=\"539179f\" data-element_type=\"widget\" data-settings=\"{&quot;_animation&quot;:&quot;uxperFadeInUp&quot;}\" data-widget_type=\"uxper-modern-heading.default\">\n\t\t\t\t<div class=\"elementor-widget-container\">\n\t\t\t\t\t\t\t<div class=\"ue-morden-heading\">\r\n\t\t\t            <div class=\"uxper-ele-heading\">\r\n                                                    <h2 class=\"heading-title\">Relaxation by the pool <br>For big &amp; small<\/h2>\r\n                                                                <div class=\"heading-description\">\r\n                    <p>Our quiet pool area is the ideal place to switch off: Swim a few lengths, relax on a lounger or splash around with the children. Perfect relaxation - in the middle of nature.<\/p>                <\/div>\r\n                            <\/div>\r\n        \t\t<\/div>\r\n\t\t\t\t<\/div>\n\t\t\t\t<\/div>\n\t\t\t\t<\/div>\n\t\t\t\t<\/div>\n\t\t\t\t\t<\/div>\n\t\t\t\t<\/div>\n\t\t<div class=\"elementor-element elementor-element-4b7cf6b e-flex e-con-boxed e-con e-parent\" data-id=\"4b7cf6b\" data-element_type=\"container\">\n\t\t\t\t\t<div class=\"e-con-inner\">\n\t\t\t\t<div class=\"elementor-element elementor-element-538f5c1 elementor-widget elementor-widget-spacer\" data-id=\"538f5c1\" data-element_type=\"widget\" data-widget_type=\"spacer.default\">\n\t\t\t\t<div class=\"elementor-widget-container\">\n\t\t\t\t\t\t\t<div class=\"elementor-spacer\">\n\t\t\t<div class=\"elementor-spacer-inner\"><\/div>\n\t\t<\/div>\n\t\t\t\t\t\t<\/div>\n\t\t\t\t<\/div>\n\t\t\t\t\t<\/div>\n\t\t\t\t<\/div>\n\t\t<div class=\"elementor-element elementor-element-75811fa e-h-100 e-flex e-con-boxed e-con e-child\" data-id=\"75811fa\" data-element_type=\"container\">\n\t\t\t\t\t<div class=\"e-con-inner\">\n\t\t<div class=\"elementor-element elementor-element-d20e8ca e-con-full e-h-100 e-flex e-con e-child\" data-id=\"d20e8ca\" data-element_type=\"container\">\n\t\t\t\t<div class=\"elementor-element elementor-element-d2e26ee animated-fast elementor-invisible elementor-widget elementor-widget-image\" data-id=\"d2e26ee\" data-element_type=\"widget\" data-settings=\"{&quot;_animation&quot;:&quot;uxperFadeInRight&quot;}\" data-widget_type=\"image.default\">\n\t\t\t\t<div class=\"elementor-widget-container\">\n\t\t\t\t\t\t\t\t\t\t\t\t\t\t\t<img fetchpriority=\"high\" decoding=\"async\" width=\"1600\" height=\"1204\" src=\"https:\/\/hotel-masaimara.com\/wp-content\/uploads\/2021\/06\/IMG-20250613-WA0054.webp\" class=\"attachment-full size-full wp-image-4653\" alt=\"\" srcset=\"https:\/\/hotel-masaimara.com\/wp-content\/uploads\/2021\/06\/IMG-20250613-WA0054.webp 1600w, https:\/\/hotel-masaimara.com\/wp-content\/uploads\/2021\/06\/IMG-20250613-WA0054-300x226.webp 300w, https:\/\/hotel-masaimara.com\/wp-content\/uploads\/2021\/06\/IMG-20250613-WA0054-1024x771.webp 1024w, https:\/\/hotel-masaimara.com\/wp-content\/uploads\/2021\/06\/IMG-20250613-WA0054-768x578.webp 768w, https:\/\/hotel-masaimara.com\/wp-content\/uploads\/2021\/06\/IMG-20250613-WA0054-1536x1156.webp 1536w, https:\/\/hotel-masaimara.com\/wp-content\/uploads\/2021\/06\/IMG-20250613-WA0054-600x452.webp 600w\" sizes=\"(max-width: 1600px) 100vw, 1600px\" \/>\t\t\t\t\t\t\t\t\t\t\t\t\t\t\t<\/div>\n\t\t\t\t<\/div>\n\t\t\t\t<\/div>\n\t\t<div class=\"elementor-element elementor-element-58648ab e-con-full animated-fast e-flex elementor-invisible e-con e-child\" data-id=\"58648ab\" data-element_type=\"container\" data-settings=\"{&quot;background_background&quot;:&quot;classic&quot;,&quot;animation&quot;:&quot;uxperFadeInLeft&quot;}\">\n\t\t\t\t<div class=\"elementor-element elementor-element-2284f55 animated-fast elementor-invisible elementor-widget elementor-widget-uxper-modern-heading\" data-id=\"2284f55\" data-element_type=\"widget\" data-settings=\"{&quot;_animation&quot;:&quot;uxperFadeInUp&quot;}\" data-widget_type=\"uxper-modern-heading.default\">\n\t\t\t\t<div class=\"elementor-widget-container\">\n\t\t\t\t\t\t\t<div class=\"ue-morden-heading\">\r\n\t\t\t            <div class=\"uxper-ele-heading\">\r\n                                                    <h2 class=\"heading-title\">A retreat between the mountains and the sea<\/h2>\r\n                                                                <div class=\"heading-description\">\r\n                    <p>Away from mass tourism and yet only a few minutes from the sea, the Masai Mara Resort is a place of tranquillity - ideal for couples, families and outdoor enthusiasts. The diverse landscape invites you to go hiking, cycling or simply to pause for a moment.<br \/>Here you will find your balance - between activity and relaxation, between nature and time for yourself.<\/p>                <\/div>\r\n                            <\/div>\r\n        \t\t<\/div>\r\n\t\t\t\t<\/div>\n\t\t\t\t<\/div>\n\t\t\t\t<\/div>\n\t\t\t\t\t<\/div>\n\t\t\t\t<\/div>\n\t\t\t\t<\/div>","protected":false},"excerpt":{"rendered":"<p>Aktivit\u00e4ten Natur, Entdeckung &#038; Entspannung Ihre Auszeit im Masai Mara Resort Willkommen im Masai Mara Resort \u2013 wo die Natur direkt vor Ihrer T\u00fcr beginnt. Ob romantische Zweisamkeit, gemeinsame Familienabenteuer oder eine Auszeit f\u00fcr Naturliebhaber: Unser Resort bietet die perfekte Kombination aus Aktivit\u00e4t, Erholung und authentischem Inselcharme. Gemeinsam entdecken \u2013 Wandern &#038; Natur erleben Starten [&hellip;]<\/p>","protected":false},"author":1,"featured_media":0,"parent":0,"menu_order":0,"comment_status":"closed","ping_status":"closed","template":"elementor_header_footer","meta":{"footnotes":""},"class_list":["post-4926","page","type-page","status-publish","hentry","post-no-thumbnail"],"_links":{"self":[{"href":"https:\/\/hotel-masaimara.com\/en\/wp-json\/wp\/v2\/pages\/4926","targetHints":{"allow":["GET"]}}],"collection":[{"href":"https:\/\/hotel-masaimara.com\/en\/wp-json\/wp\/v2\/pages"}],"about":[{"href":"https:\/\/hotel-masaimara.com\/en\/wp-json\/wp\/v2\/types\/page"}],"author":[{"embeddable":true,"href":"https:\/\/hotel-masaimara.com\/en\/wp-json\/wp\/v2\/users\/1"}],"replies":[{"embeddable":true,"href":"https:\/\/hotel-masaimara.com\/en\/wp-json\/wp\/v2\/comments?post=4926"}],"version-history":[{"count":19,"href":"https:\/\/hotel-masaimara.com\/en\/wp-json\/wp\/v2\/pages\/4926\/revisions"}],"predecessor-version":[{"id":5456,"href":"https:\/\/hotel-masaimara.com\/en\/wp-json\/wp\/v2\/pages\/4926\/revisions\/5456"}],"wp:attachment":[{"href":"https:\/\/hotel-masaimara.com\/en\/wp-json\/wp\/v2\/media?parent=4926"}],"curies":[{"name":"wp","href":"https:\/\/api.w.org\/{rel}","templated":true}]}}