{"id":3328,"date":"2024-01-18T06:36:14","date_gmt":"2024-01-18T06:36:14","guid":{"rendered":"https:\/\/pura.uxper.co\/forest-lodge\/?page_id=3328"},"modified":"2026-02-20T14:57:56","modified_gmt":"2026-02-20T14:57:56","slug":"ueber-uns","status":"publish","type":"page","link":"https:\/\/hotel-masaimara.com\/es\/ueber-uns\/","title":{"rendered":"Qui\u00e9nes somos"},"content":{"rendered":"<div data-elementor-type=\"wp-page\" data-elementor-id=\"3328\" class=\"elementor elementor-3328\">\n\t\t\t\t<div class=\"elementor-element elementor-element-74bc313b e-con-full e-flex e-con e-parent\" data-id=\"74bc313b\" data-element_type=\"container\" data-settings=\"{&quot;background_background&quot;:&quot;classic&quot;}\">\n\t\t\t\t<div class=\"elementor-element elementor-element-2dbb8733 elementor-widget elementor-widget-heading\" data-id=\"2dbb8733\" data-element_type=\"widget\" data-widget_type=\"heading.default\">\n\t\t\t\t<div class=\"elementor-widget-container\">\n\t\t\t\t\t<h2 class=\"elementor-heading-title elementor-size-default\">Qui\u00e9nes somos<\/h2>\t\t\t\t<\/div>\n\t\t\t\t<\/div>\n\t\t\t\t<\/div>\n\t\t<div class=\"elementor-element elementor-element-2a691dc4 e-flex e-con-boxed e-con e-parent\" data-id=\"2a691dc4\" data-element_type=\"container\">\n\t\t\t\t\t<div class=\"e-con-inner\">\n\t\t\t\t<div class=\"elementor-element elementor-element-7675d276 animated-fast elementor-invisible elementor-widget elementor-widget-uxper-elementor-banner-01\" data-id=\"7675d276\" data-element_type=\"widget\" data-settings=\"{&quot;_animation&quot;:&quot;uxperFadeInUp&quot;}\" data-widget_type=\"uxper-elementor-banner-01.default\">\n\t\t\t\t<div class=\"elementor-widget-container\">\n\t\t\t\t\t\t\t<div class=\"ue-banner-image-01 reverse\">\r\n\t\t\t<div class=\"inner\">\r\n\t\t\t\t\t\t\t\t\t\t\t<div class=\"image\">\r\n\t\t\t<img fetchpriority=\"high\" decoding=\"async\" width=\"2048\" height=\"1536\" src=\"https:\/\/hotel-masaimara.com\/wp-content\/uploads\/2025\/09\/WhatsApp-Image-2025-07-31-at-12.13.57.jpeg\" class=\"attachment-full size-full wp-image-5320\" alt=\"\" srcset=\"https:\/\/hotel-masaimara.com\/wp-content\/uploads\/2025\/09\/WhatsApp-Image-2025-07-31-at-12.13.57.jpeg 2048w, https:\/\/hotel-masaimara.com\/wp-content\/uploads\/2025\/09\/WhatsApp-Image-2025-07-31-at-12.13.57-300x225.jpeg 300w, https:\/\/hotel-masaimara.com\/wp-content\/uploads\/2025\/09\/WhatsApp-Image-2025-07-31-at-12.13.57-1024x768.jpeg 1024w, https:\/\/hotel-masaimara.com\/wp-content\/uploads\/2025\/09\/WhatsApp-Image-2025-07-31-at-12.13.57-768x576.jpeg 768w, https:\/\/hotel-masaimara.com\/wp-content\/uploads\/2025\/09\/WhatsApp-Image-2025-07-31-at-12.13.57-1536x1152.jpeg 1536w, https:\/\/hotel-masaimara.com\/wp-content\/uploads\/2025\/09\/WhatsApp-Image-2025-07-31-at-12.13.57-16x12.jpeg 16w\" sizes=\"(max-width: 2048px) 100vw, 2048px\" \/>\t\t<\/div>\r\n\t\t\t\t\t<div class=\"content\">\r\n\t\t\t\t\t\t<div class=\"content-inner\">\r\n\t\t\t\t\t\t\t            <div class=\"uxper-ele-heading\">\r\n                                                    <h2 class=\"heading-title\"> Su retiro de relax en el soleado sur de Gran Canaria.<\/h2>\r\n                                                                <div class=\"heading-description\">\r\n                    <p>En el Hotel Masai Mara Resort combinamos la hospitalidad canaria con la comodidad mediterr\u00e1nea. Enclavado en San Bartolom\u00e9 de Tirajana y rodeado de sol, palmeras y amplias zonas al aire libre, le espera un lugar donde recargar las pilas, con piscina, jard\u00edn, terraza y mucho espacio para sentir las vacaciones.<\/p>                <\/div>\r\n                            <\/div>\r\n        \t\t\t\t\t\t<\/div>\r\n\t\t\t\t\t<\/div>\r\n\t\t\t\t\t\t\t<\/div>\r\n\t\t<\/div>\r\n\t\t\t\t\t<\/div>\n\t\t\t\t<\/div>\n\t\t\t\t<div class=\"elementor-element elementor-element-429e6233 animated-fast elementor-invisible elementor-widget elementor-widget-uxper-elementor-banner-01\" data-id=\"429e6233\" data-element_type=\"widget\" data-settings=\"{&quot;_animation&quot;:&quot;uxperFadeInUp&quot;}\" data-widget_type=\"uxper-elementor-banner-01.default\">\n\t\t\t\t<div class=\"elementor-widget-container\">\n\t\t\t\t\t\t\t<div class=\"ue-banner-image-01\">\r\n\t\t\t<div class=\"inner\">\r\n\t\t\t\t\t\t\t\t\t<div class=\"content\">\r\n\t\t\t\t\t\t<div class=\"content-inner\">\r\n\t\t\t\t\t\t\t            <div class=\"uxper-ele-heading\">\r\n                                                    <h2 class=\"heading-title\">Nuestra ubicaci\u00f3n<\/h2>\r\n                                                                <div class=\"heading-description\">\r\n                    <p>Nuestro complejo est\u00e1 situado en San Bartolom\u00e9 de Tirajana - a s\u00f3lo aprox. 14 km del Centro Yumbo, a 16 km de Aqualand Maspalomas y del campo de golf de Maspalomas y a unos 18 km del famoso faro de Maspalomas. El aeropuerto de Gran Canaria est\u00e1 a unos 39 km, por lo que su viaje ser\u00e1 relajado.<\/p>                <\/div>\r\n                            <\/div>\r\n        \t\t\t\t\t\t<\/div>\r\n\t\t\t\t\t<\/div>\r\n\t\t\t\t\t\t\t<div class=\"image\">\r\n\t\t\t<img decoding=\"async\" width=\"1024\" height=\"768\" src=\"https:\/\/hotel-masaimara.com\/wp-content\/uploads\/2021\/06\/705700803.webp\" class=\"attachment-full size-full wp-image-4724\" alt=\"\" srcset=\"https:\/\/hotel-masaimara.com\/wp-content\/uploads\/2021\/06\/705700803.webp 1024w, https:\/\/hotel-masaimara.com\/wp-content\/uploads\/2021\/06\/705700803-300x225.webp 300w, https:\/\/hotel-masaimara.com\/wp-content\/uploads\/2021\/06\/705700803-768x576.webp 768w, https:\/\/hotel-masaimara.com\/wp-content\/uploads\/2021\/06\/705700803-16x12.webp 16w\" sizes=\"(max-width: 1024px) 100vw, 1024px\" \/>\t\t<\/div>\r\n\t\t\t\t\t\t\t<\/div>\r\n\t\t<\/div>\r\n\t\t\t\t\t<\/div>\n\t\t\t\t<\/div>\n\t\t\t\t\t<\/div>\n\t\t\t\t<\/div>\n\t\t<div class=\"elementor-element elementor-element-c281e5d e-flex e-con-boxed e-con e-parent\" data-id=\"c281e5d\" data-element_type=\"container\">\n\t\t\t\t\t<div class=\"e-con-inner\">\n\t\t\t\t<div class=\"elementor-element elementor-element-c8bc5c2 animated-fast elementor-invisible elementor-widget elementor-widget-uxper-elementor-banner-01\" data-id=\"c8bc5c2\" data-element_type=\"widget\" data-settings=\"{&quot;_animation&quot;:&quot;uxperFadeInUp&quot;}\" data-widget_type=\"uxper-elementor-banner-01.default\">\n\t\t\t\t<div class=\"elementor-widget-container\">\n\t\t\t\t\t\t\t<div class=\"ue-banner-image-01 reverse\">\r\n\t\t\t<div class=\"inner\">\r\n\t\t\t\t\t\t\t\t\t\t\t<div class=\"image\">\r\n\t\t\t<img decoding=\"async\" width=\"1600\" height=\"1200\" src=\"https:\/\/hotel-masaimara.com\/wp-content\/uploads\/2021\/06\/WhatsApp-Goersel-2025-06-27-saat-11.55.39_3ca5a5ea.webp\" class=\"attachment-full size-full wp-image-4668\" alt=\"\" srcset=\"https:\/\/hotel-masaimara.com\/wp-content\/uploads\/2021\/06\/WhatsApp-Goersel-2025-06-27-saat-11.55.39_3ca5a5ea.webp 1600w, https:\/\/hotel-masaimara.com\/wp-content\/uploads\/2021\/06\/WhatsApp-Goersel-2025-06-27-saat-11.55.39_3ca5a5ea-300x225.webp 300w, https:\/\/hotel-masaimara.com\/wp-content\/uploads\/2021\/06\/WhatsApp-Goersel-2025-06-27-saat-11.55.39_3ca5a5ea-1024x768.webp 1024w, https:\/\/hotel-masaimara.com\/wp-content\/uploads\/2021\/06\/WhatsApp-Goersel-2025-06-27-saat-11.55.39_3ca5a5ea-768x576.webp 768w, https:\/\/hotel-masaimara.com\/wp-content\/uploads\/2021\/06\/WhatsApp-Goersel-2025-06-27-saat-11.55.39_3ca5a5ea-1536x1152.webp 1536w, https:\/\/hotel-masaimara.com\/wp-content\/uploads\/2021\/06\/WhatsApp-Goersel-2025-06-27-saat-11.55.39_3ca5a5ea-600x450.webp 600w\" sizes=\"(max-width: 1600px) 100vw, 1600px\" \/>\t\t<\/div>\r\n\t\t\t\t\t<div class=\"content\">\r\n\t\t\t\t\t\t<div class=\"content-inner\">\r\n\t\t\t\t\t\t\t            <div class=\"uxper-ele-heading\">\r\n                                                    <h2 class=\"heading-title\">Su retiro bajo el sol: <br>\nPiscina, jard\u00edn y terraza<\/h2>\r\n                                                                <div class=\"heading-description\">\r\n                    <p>Nuestra amplia zona exterior con piscina, zonas ajardinadas y terraza soleada le invita a relajarse desde el primer d\u00eda de sus vacaciones. Ya sea para refrescarse en el agua, leer o simplemente completar la velada en nuestro bar: El exterior es nuestro lugar favorito.<\/p>                <\/div>\r\n                            <\/div>\r\n        \t\t\t\t\t\t<\/div>\r\n\t\t\t\t\t<\/div>\r\n\t\t\t\t\t\t\t<\/div>\r\n\t\t<\/div>\r\n\t\t\t\t\t<\/div>\n\t\t\t\t<\/div>\n\t\t\t\t\t<\/div>\n\t\t\t\t<\/div>\n\t\t<div class=\"elementor-element elementor-element-1ff44e4b e-flex e-con-boxed e-con e-parent\" data-id=\"1ff44e4b\" data-element_type=\"container\" data-settings=\"{&quot;background_background&quot;:&quot;classic&quot;}\">\n\t\t\t\t\t<div class=\"e-con-inner\">\n\t\t<div class=\"elementor-element elementor-element-61bcabe0 e-con-full e-flex e-con e-child\" data-id=\"61bcabe0\" data-element_type=\"container\">\n\t\t\t\t<div class=\"elementor-element elementor-element-106bc00f animated-fast elementor-invisible elementor-widget elementor-widget-counter\" data-id=\"106bc00f\" data-element_type=\"widget\" data-settings=\"{&quot;_animation&quot;:&quot;uxperFadeInUp&quot;}\" data-widget_type=\"counter.default\">\n\t\t\t\t<div class=\"elementor-widget-container\">\n\t\t\t\t\t\t\t<div class=\"elementor-counter\">\n\t\t\t<div class=\"elementor-counter-title\">Invitados<\/div>\t\t\t<div class=\"elementor-counter-number-wrapper\">\n\t\t\t\t<span class=\"elementor-counter-number-prefix\"><\/span>\n\t\t\t\t<span class=\"elementor-counter-number\" data-duration=\"2000\" data-to-value=\"1200\" data-from-value=\"0\" data-delimiter=\",\">0<\/span>\n\t\t\t\t<span class=\"elementor-counter-number-suffix\"><\/span>\n\t\t\t<\/div>\n\t\t<\/div>\n\t\t\t\t\t\t<\/div>\n\t\t\t\t<\/div>\n\t\t\t\t<\/div>\n\t\t<div class=\"elementor-element elementor-element-7c1c36be e-con-full e-flex e-con e-child\" data-id=\"7c1c36be\" data-element_type=\"container\">\n\t\t\t\t<div class=\"elementor-element elementor-element-1bea5839 animated-fast elementor-invisible elementor-widget elementor-widget-counter\" data-id=\"1bea5839\" data-element_type=\"widget\" data-settings=\"{&quot;_animation&quot;:&quot;uxperFadeInUp&quot;,&quot;_animation_delay&quot;:300}\" data-widget_type=\"counter.default\">\n\t\t\t\t<div class=\"elementor-widget-container\">\n\t\t\t\t\t\t\t<div class=\"elementor-counter\">\n\t\t\t<div class=\"elementor-counter-title\">Habitaci\u00f3n<\/div>\t\t\t<div class=\"elementor-counter-number-wrapper\">\n\t\t\t\t<span class=\"elementor-counter-number-prefix\"><\/span>\n\t\t\t\t<span class=\"elementor-counter-number\" data-duration=\"2000\" data-to-value=\"7\" data-from-value=\"0\" data-delimiter=\",\">0<\/span>\n\t\t\t\t<span class=\"elementor-counter-number-suffix\"><\/span>\n\t\t\t<\/div>\n\t\t<\/div>\n\t\t\t\t\t\t<\/div>\n\t\t\t\t<\/div>\n\t\t\t\t<\/div>\n\t\t<div class=\"elementor-element elementor-element-6da139a9 e-con-full e-flex e-con e-child\" data-id=\"6da139a9\" data-element_type=\"container\">\n\t\t\t\t<div class=\"elementor-element elementor-element-4195a167 animated-fast elementor-invisible elementor-widget elementor-widget-counter\" data-id=\"4195a167\" data-element_type=\"widget\" data-settings=\"{&quot;_animation&quot;:&quot;uxperFadeInUp&quot;,&quot;_animation_delay&quot;:600}\" data-widget_type=\"counter.default\">\n\t\t\t\t<div class=\"elementor-widget-container\">\n\t\t\t\t\t\t\t<div class=\"elementor-counter\">\n\t\t\t<div class=\"elementor-counter-title\">Personal<\/div>\t\t\t<div class=\"elementor-counter-number-wrapper\">\n\t\t\t\t<span class=\"elementor-counter-number-prefix\"><\/span>\n\t\t\t\t<span class=\"elementor-counter-number\" data-duration=\"2000\" data-to-value=\"10\" data-from-value=\"0\" data-delimiter=\",\">0<\/span>\n\t\t\t\t<span class=\"elementor-counter-number-suffix\"><\/span>\n\t\t\t<\/div>\n\t\t<\/div>\n\t\t\t\t\t\t<\/div>\n\t\t\t\t<\/div>\n\t\t\t\t<\/div>\n\t\t<div class=\"elementor-element elementor-element-411d50bf e-con-full e-flex e-con e-child\" data-id=\"411d50bf\" data-element_type=\"container\">\n\t\t\t\t<div class=\"elementor-element elementor-element-a742453 animated-fast elementor-invisible elementor-widget elementor-widget-counter\" data-id=\"a742453\" data-element_type=\"widget\" data-settings=\"{&quot;_animation&quot;:&quot;uxperFadeInUp&quot;,&quot;_animation_delay&quot;:900}\" data-widget_type=\"counter.default\">\n\t\t\t\t<div class=\"elementor-widget-container\">\n\t\t\t\t\t\t\t<div class=\"elementor-counter\">\n\t\t\t<div class=\"elementor-counter-title\">Satisfacci\u00f3n de los hu\u00e9spedes<\/div>\t\t\t<div class=\"elementor-counter-number-wrapper\">\n\t\t\t\t<span class=\"elementor-counter-number-prefix\"><\/span>\n\t\t\t\t<span class=\"elementor-counter-number\" data-duration=\"2000\" data-to-value=\"100\" data-from-value=\"0\" data-delimiter=\",\">0<\/span>\n\t\t\t\t<span class=\"elementor-counter-number-suffix\">%<\/span>\n\t\t\t<\/div>\n\t\t<\/div>\n\t\t\t\t\t\t<\/div>\n\t\t\t\t<\/div>\n\t\t\t\t<\/div>\n\t\t\t\t\t<\/div>\n\t\t\t\t<\/div>\n\t\t<div class=\"elementor-element elementor-element-745a48ab e-flex e-con-boxed e-con e-parent\" data-id=\"745a48ab\" data-element_type=\"container\">\n\t\t\t\t\t<div class=\"e-con-inner\">\n\t\t\t\t<div class=\"elementor-element elementor-element-549818db animated-fast elementor-invisible elementor-widget elementor-widget-uxper-modern-heading\" data-id=\"549818db\" data-element_type=\"widget\" data-settings=\"{&quot;_animation&quot;:&quot;uxperFadeInUp&quot;}\" data-widget_type=\"uxper-modern-heading.default\">\n\t\t\t\t<div class=\"elementor-widget-container\">\n\t\t\t\t\t\t\t<div class=\"ue-morden-heading\">\r\n\t\t\t            <div class=\"uxper-ele-heading\">\r\n                                                    <h2 class=\"heading-title\">Habitaciones para sentirse bien<\/h2>\r\n                                                    <h6 class=\"heading-secondary heading-secondary-after\">Todas las habitaciones disponen de aire acondicionado, TV de pantalla plana, armario, ropa de cama limpia, toallas y ba\u00f1o privado con ducha y art\u00edculos de aseo gratuitos. Algunas habitaciones tambi\u00e9n disponen de balc\u00f3n privado, ideal para tomar el primer caf\u00e9 de la ma\u00f1ana o contemplar el cielo al atardecer.<\/h6>\r\n                                            <\/div>\r\n        \t\t<\/div>\r\n\t\t\t\t<\/div>\n\t\t\t\t<\/div>\n\t\t\t\t<div class=\"elementor-element elementor-element-ce7026c elementor-widget elementor-widget-spacer\" data-id=\"ce7026c\" data-element_type=\"widget\" data-widget_type=\"spacer.default\">\n\t\t\t\t<div class=\"elementor-widget-container\">\n\t\t\t\t\t\t\t<div class=\"elementor-spacer\">\n\t\t\t<div class=\"elementor-spacer-inner\"><\/div>\n\t\t<\/div>\n\t\t\t\t\t\t<\/div>\n\t\t\t\t<\/div>\n\t\t\t\t<div class=\"elementor-element elementor-element-30f22237 animated-fast elementor-invisible elementor-widget elementor-widget-uxper-accordion-01\" data-id=\"30f22237\" data-element_type=\"widget\" data-settings=\"{&quot;_animation&quot;:&quot;uxperFadeInUp&quot;}\" data-widget_type=\"uxper-accordion-01.default\">\n\t\t\t\t<div class=\"elementor-widget-container\">\n\t\t\t\t\t\t\t<div class=\"ue-accordion-01\">\r\n\t\t\t<div class=\"inner\">\r\n\t\t\t\t<div class=\"list\">\r\n\t\t\t\t\t\t\t\t\t\t\t<div class=\"item is-active\">\r\n\t\t\t\t\t\t\t<div class=\"content\">\r\n\t\t\t\t\t\t\t\t<div class=\"title\">Suite<\/div><div class=\"text\"><p data-start=\"1297\" data-end=\"1457\">Confortable suite con 2 camas individuales y 1 cama de matrimonio, cocina americana y terraza, con vistas directas a la vegetaci\u00f3n. Ideal para familias peque\u00f1as o parejas con amigos.<\/p><\/div>\t\t\t\t\t\t\t<\/div>\r\n\t\t\t\t\t\t<\/div>\r\n\t\t\t\t\t\t\t\t\t\t\t<div class=\"item\">\r\n\t\t\t\t\t\t\t<div class=\"content\">\r\n\t\t\t\t\t\t\t\t<div class=\"title\">Suite con vistas a la piscina<\/div><div class=\"text\"><p>Amplia suite con 2 camas individuales y 1 cama de matrimonio. Con cocina propia, terraza y maravillosas vistas, perfecta para familias o grupos de amigos.<\/p><\/div>\t\t\t\t\t\t\t<\/div>\r\n\t\t\t\t\t\t<\/div>\r\n\t\t\t\t\t\t\t\t\t\t\t<div class=\"item\">\r\n\t\t\t\t\t\t\t<div class=\"content\">\r\n\t\t\t\t\t\t\t\t<div class=\"title\">Suite con balc\u00f3n<\/div><div class=\"text\"><p>Amplia suite con gran balc\u00f3n, cocina y maravillosas vistas al jard\u00edn, las monta\u00f1as y la piscina. Ideal para estancias largas o para aquellos que les gusta aireado.<\/p><\/div>\t\t\t\t\t\t\t<\/div>\r\n\t\t\t\t\t\t<\/div>\r\n\t\t\t\t\t\t\t\t\t\t\t<div class=\"item\">\r\n\t\t\t\t\t\t\t<div class=\"content\">\r\n\t\t\t\t\t\t\t\t<div class=\"title\">Suite familiar<\/div><div class=\"text\"><p>Confort para toda la familia con 2 camas individuales y 2 dobles, amplio sal\u00f3n, cocina y maravillosas vistas al jard\u00edn. Para d\u00edas de relax con ni\u00f1os.<\/p><\/div>\t\t\t\t\t\t\t<\/div>\r\n\t\t\t\t\t\t<\/div>\r\n\t\t\t\t\t\t\t\t\t\t\t<div class=\"item\">\r\n\t\t\t\t\t\t\t<div class=\"content\">\r\n\t\t\t\t\t\t\t\t<div class=\"title\">Suite con vistas a la monta\u00f1a<\/div><div class=\"text\"><p>Retiro privado con camas dobles, zona de cocina y vistas a la monta\u00f1a\/piscina. Este es el lugar perfecto para aquellos que les gusta vivir en paz y cerca de la naturaleza.<\/p><\/div>\t\t\t\t\t\t\t<\/div>\r\n\t\t\t\t\t\t<\/div>\r\n\t\t\t\t\t\t\t\t\t\t\t<div class=\"item\">\r\n\t\t\t\t\t\t\t<div class=\"content\">\r\n\t\t\t\t\t\t\t\t<div class=\"title\">Suite con 3 dormitorios<\/div><div class=\"text\"><p>Mucho espacio para hasta 6 personas: 3 camas dobles, amplia cocina-comedor, terraza y acceso sin barreras. Ideal para familias o peque\u00f1os grupos de viajeros.<\/p><\/div>\t\t\t\t\t\t\t<\/div>\r\n\t\t\t\t\t\t<\/div>\r\n\t\t\t\t\t\t\t\t\t\t\t<div class=\"item\">\r\n\t\t\t\t\t\t\t<div class=\"content\">\r\n\t\t\t\t\t\t\t\t<div class=\"title\">Suite con 2 dormitorios<\/div><div class=\"text\"><p>Dos zonas separadas para dormir, cocina, terraza y vistas a la monta\u00f1a. Ideal para familias con ni\u00f1os o dos parejas que viajen juntas.<\/p><\/div>\t\t\t\t\t\t\t<\/div>\r\n\t\t\t\t\t\t<\/div>\r\n\t\t\t\t\t\t\t\t\t<\/div>\r\n\t\t\t\t<div class=\"images\">\r\n\t\t\t\t\t\t\t\t\t\t\t<div class=\"item is-active item\">\r\n\t\t\t\t\t\t\t\t\t\t\t\t\t\t\t<div class=\"image\">\r\n\t\t\t\t\t\t\t\t\t<img decoding=\"async\"  src=\"https:\/\/hotel-masaimara.com\/wp-content\/uploads\/2021\/06\/IMG-20250613-WA0022.webp\" alt=\"IMG-20250613-WA0022\" \/>\t\t\t\t\t\t\t\t<\/div>\r\n\t\t\t\t\t\t\t\t\t\t\t\t\t<\/div>\r\n\t\t\t\t\t\t\t\t\t\t\t<div class=\"item item\">\r\n\t\t\t\t\t\t\t\t\t\t\t\t\t\t\t<div class=\"image\">\r\n\t\t\t\t\t\t\t\t\t<img decoding=\"async\"  src=\"https:\/\/hotel-masaimara.com\/wp-content\/uploads\/2025\/07\/706381974.webp\" alt=\"706381974\" \/>\t\t\t\t\t\t\t\t<\/div>\r\n\t\t\t\t\t\t\t\t\t\t\t\t\t<\/div>\r\n\t\t\t\t\t\t\t\t\t\t\t<div class=\"item item\">\r\n\t\t\t\t\t\t\t\t\t\t\t\t\t\t\t<div class=\"image\">\r\n\t\t\t\t\t\t\t\t\t<img decoding=\"async\"  src=\"https:\/\/hotel-masaimara.com\/wp-content\/uploads\/2021\/06\/705700782.webp\" alt=\"705700782\" \/>\t\t\t\t\t\t\t\t<\/div>\r\n\t\t\t\t\t\t\t\t\t\t\t\t\t<\/div>\r\n\t\t\t\t\t\t\t\t\t\t\t<div class=\"item item\">\r\n\t\t\t\t\t\t\t\t\t\t\t\t\t\t\t<div class=\"image\">\r\n\t\t\t\t\t\t\t\t\t<img decoding=\"async\"  src=\"https:\/\/hotel-masaimara.com\/wp-content\/uploads\/2025\/07\/705740169.webp\" alt=\"705740169\" \/>\t\t\t\t\t\t\t\t<\/div>\r\n\t\t\t\t\t\t\t\t\t\t\t\t\t<\/div>\r\n\t\t\t\t\t\t\t\t\t\t\t<div class=\"item item\">\r\n\t\t\t\t\t\t\t\t\t\t\t\t\t\t\t<div class=\"image\">\r\n\t\t\t\t\t\t\t\t\t<img decoding=\"async\"  src=\"https:\/\/hotel-masaimara.com\/wp-content\/uploads\/2021\/06\/705700804.webp\" alt=\"705700804\" \/>\t\t\t\t\t\t\t\t<\/div>\r\n\t\t\t\t\t\t\t\t\t\t\t\t\t<\/div>\r\n\t\t\t\t\t\t\t\t\t\t\t<div class=\"item item\">\r\n\t\t\t\t\t\t\t\t\t\t\t\t\t\t\t<div class=\"image\">\r\n\t\t\t\t\t\t\t\t\t<img decoding=\"async\"  src=\"https:\/\/hotel-masaimara.com\/wp-content\/uploads\/2025\/07\/705743291.webp\" alt=\"705743291\" \/>\t\t\t\t\t\t\t\t<\/div>\r\n\t\t\t\t\t\t\t\t\t\t\t\t\t<\/div>\r\n\t\t\t\t\t\t\t\t\t\t\t<div class=\"item item\">\r\n\t\t\t\t\t\t\t\t\t\t\t\t\t\t\t<div class=\"image\">\r\n\t\t\t\t\t\t\t\t\t<img decoding=\"async\"  src=\"https:\/\/hotel-masaimara.com\/wp-content\/uploads\/2021\/06\/705700769.webp\" alt=\"705700769\" \/>\t\t\t\t\t\t\t\t<\/div>\r\n\t\t\t\t\t\t\t\t\t\t\t\t\t<\/div>\r\n\t\t\t\t\t\t\t\t\t<\/div>\r\n\t\t\t<\/div>\r\n\t\t<\/div>\r\n\t\t\t\t<\/div>\n\t\t\t\t<\/div>\n\t\t\t\t\t<\/div>\n\t\t\t\t<\/div>\n\t\t<div class=\"elementor-element elementor-element-01e2bf2 e-flex e-con-boxed e-con e-parent\" data-id=\"01e2bf2\" data-element_type=\"container\">\n\t\t\t\t\t<div class=\"e-con-inner\">\n\t\t\t\t<div class=\"elementor-element elementor-element-52a3e6f elementor-widget elementor-widget-uxper-gallery-carousel\" data-id=\"52a3e6f\" data-element_type=\"widget\" data-widget_type=\"uxper-gallery-carousel.default\">\n\t\t\t\t<div class=\"elementor-widget-container\">\n\t\t\t\t\t\t\t<div class=\"ue-gallery-carousel\">\r\n\t\t\t<div class=\"ue-swiper-slider swiper\" data-desktop-items=\"3\" data-tablet-items=\"1\" data-mobile-items=\"1\" data-desktop-space-between=\"20\" data-tablet-space-between=\"1\" data-mobile-space-between=\"1\" data-carousel-effect=\"slide\" data-carousel-pagination=\"yes\" data-carousel-navigation=\"yes\" data-carousel-navigation-image=\"no\" data-carousel-navigation-position=\"01\" data-carousel-pagination-layout=\"02\" data-carousel-pagination-position=\"outside\" data-carousel-pagination-align=\"horizontal\" data-carousel-center=\"yes\" data-carousel-allow-touch-move=\"yes\" data-carousel-speed=\"1000\" data-carousel-autoplay=\"\" data-carousel-loop=\"yes\">\r\n\t\t\t\t<div class=\"swiper-wrapper\">\r\n\t\t\t\t\t\t\t\t\t\t\t<div class=\"swiper-slide\">\r\n\t\t\t\t\t\t\t<div class=\"image\">\r\n\t\t\t\t\t\t\t\t<img decoding=\"async\"  src=\"https:\/\/hotel-masaimara.com\/wp-content\/uploads\/2025\/09\/WhatsApp-Image-2025-07-31-at-12.16.57.jpeg\" alt=\"WhatsApp Image 2025-07-31 at 12.16.57\" \/>\t\t\t\t\t\t\t<\/div>\r\n\t\t\t\t\t\t<\/div>\r\n\t\t\t\t\t\t\t\t\t\t\t<div class=\"swiper-slide\">\r\n\t\t\t\t\t\t\t<div class=\"image\">\r\n\t\t\t\t\t\t\t\t<img decoding=\"async\"  src=\"https:\/\/hotel-masaimara.com\/wp-content\/uploads\/2025\/09\/WhatsApp-Image-2025-07-31-at-12.16.06.jpeg\" alt=\"WhatsApp Image 2025-07-31 at 12.16.06\" \/>\t\t\t\t\t\t\t<\/div>\r\n\t\t\t\t\t\t<\/div>\r\n\t\t\t\t\t\t\t\t\t\t\t<div class=\"swiper-slide\">\r\n\t\t\t\t\t\t\t<div class=\"image\">\r\n\t\t\t\t\t\t\t\t<img decoding=\"async\"  src=\"https:\/\/hotel-masaimara.com\/wp-content\/uploads\/2025\/09\/WhatsApp-Image-2025-07-31-at-12.16.29.jpeg\" alt=\"WhatsApp Image 2025-07-31 at 12.16.29\" \/>\t\t\t\t\t\t\t<\/div>\r\n\t\t\t\t\t\t<\/div>\r\n\t\t\t\t\t\t\t\t\t\t\t<div class=\"swiper-slide\">\r\n\t\t\t\t\t\t\t<div class=\"image\">\r\n\t\t\t\t\t\t\t\t<img decoding=\"async\"  src=\"https:\/\/hotel-masaimara.com\/wp-content\/uploads\/2025\/07\/WhatsApp-Image-2025-07-29-at-15.02.55.webp\" alt=\"WhatsApp Image 2025-07-29 at 15.02.55\" \/>\t\t\t\t\t\t\t<\/div>\r\n\t\t\t\t\t\t<\/div>\r\n\t\t\t\t\t\t\t\t\t\t\t<div class=\"swiper-slide\">\r\n\t\t\t\t\t\t\t<div class=\"image\">\r\n\t\t\t\t\t\t\t\t<img decoding=\"async\"  src=\"https:\/\/hotel-masaimara.com\/wp-content\/uploads\/2025\/07\/WhatsApp-Image-2025-07-29-at-14.09.58-2.jpeg\" alt=\"WhatsApp Image 2025-07-29 at 14.09.58 (2)\" \/>\t\t\t\t\t\t\t<\/div>\r\n\t\t\t\t\t\t<\/div>\r\n\t\t\t\t\t\t\t\t\t\t\t<div class=\"swiper-slide\">\r\n\t\t\t\t\t\t\t<div class=\"image\">\r\n\t\t\t\t\t\t\t\t<img decoding=\"async\"  src=\"https:\/\/hotel-masaimara.com\/wp-content\/uploads\/2021\/06\/705688815.webp\" alt=\"705688815\" \/>\t\t\t\t\t\t\t<\/div>\r\n\t\t\t\t\t\t<\/div>\r\n\t\t\t\t\t\t\t\t\t\t\t<div class=\"swiper-slide\">\r\n\t\t\t\t\t\t\t<div class=\"image\">\r\n\t\t\t\t\t\t\t\t<img decoding=\"async\"  src=\"https:\/\/hotel-masaimara.com\/wp-content\/uploads\/2025\/09\/WhatsApp-Image-2025-07-31-at-12.14.47.jpeg\" alt=\"WhatsApp Image 2025-07-31 at 12.14.47\" \/>\t\t\t\t\t\t\t<\/div>\r\n\t\t\t\t\t\t<\/div>\r\n\t\t\t\t\t\t\t\t\t\t\t<div class=\"swiper-slide\">\r\n\t\t\t\t\t\t\t<div class=\"image\">\r\n\t\t\t\t\t\t\t\t<img decoding=\"async\"  src=\"https:\/\/hotel-masaimara.com\/wp-content\/uploads\/2021\/06\/705700803.webp\" alt=\"705700803\" \/>\t\t\t\t\t\t\t<\/div>\r\n\t\t\t\t\t\t<\/div>\r\n\t\t\t\t\t\t\t\t\t\t\t<div class=\"swiper-slide\">\r\n\t\t\t\t\t\t\t<div class=\"image\">\r\n\t\t\t\t\t\t\t\t<img decoding=\"async\"  src=\"https:\/\/hotel-masaimara.com\/wp-content\/uploads\/2021\/06\/IMG-20250613-WA0053.webp\" alt=\"IMG-20250613-WA0053\" \/>\t\t\t\t\t\t\t<\/div>\r\n\t\t\t\t\t\t<\/div>\r\n\t\t\t\t\t\t\t\t\t\t\t<div class=\"swiper-slide\">\r\n\t\t\t\t\t\t\t<div class=\"image\">\r\n\t\t\t\t\t\t\t\t<img decoding=\"async\"  src=\"https:\/\/hotel-masaimara.com\/wp-content\/uploads\/2021\/06\/IMG-20250613-WA0054.webp\" alt=\"IMG-20250613-WA0054\" \/>\t\t\t\t\t\t\t<\/div>\r\n\t\t\t\t\t\t<\/div>\r\n\t\t\t\t\t\t\t\t\t<\/div>\r\n\t\t\t<\/div>\r\n\t\t<\/div>\r\n\t\t\t\t<\/div>\n\t\t\t\t<\/div>\n\t\t\t\t\t<\/div>\n\t\t\t\t<\/div>\n\t\t<div class=\"elementor-element elementor-element-8e6a95c e-flex e-con-boxed e-con e-parent\" data-id=\"8e6a95c\" data-element_type=\"container\">\n\t\t\t\t\t<div class=\"e-con-inner\">\n\t\t\t\t<div class=\"elementor-element elementor-element-d379404 elementor-widget elementor-widget-spacer\" data-id=\"d379404\" data-element_type=\"widget\" data-widget_type=\"spacer.default\">\n\t\t\t\t<div class=\"elementor-widget-container\">\n\t\t\t\t\t\t\t<div class=\"elementor-spacer\">\n\t\t\t<div class=\"elementor-spacer-inner\"><\/div>\n\t\t<\/div>\n\t\t\t\t\t\t<\/div>\n\t\t\t\t<\/div>\n\t\t\t\t\t<\/div>\n\t\t\t\t<\/div>\n\t\t\t\t<\/div>","protected":false},"excerpt":{"rendered":"<p>Sobre nosotros Su refugio de relax en el soleado sur de Gran Canaria. En el Hotel Masai Mara Resort combinamos la hospitalidad canaria con la comodidad mediterr\u00e1nea. Enclavado en San Bartolom\u00e9 de Tirajana y rodeado de sol, palmeras y amplias zonas al aire libre, le espera un lugar donde recargar las pilas - con piscina, jard\u00edn, terraza y mucho espacio para sentir las vacaciones. Nuestra ubicaci\u00f3n Nuestro [...]<\/p>","protected":false},"author":1,"featured_media":0,"parent":0,"menu_order":0,"comment_status":"closed","ping_status":"closed","template":"elementor_header_footer","meta":{"footnotes":""},"class_list":["post-3328","page","type-page","status-publish","hentry","post-no-thumbnail"],"_links":{"self":[{"href":"https:\/\/hotel-masaimara.com\/es\/wp-json\/wp\/v2\/pages\/3328","targetHints":{"allow":["GET"]}}],"collection":[{"href":"https:\/\/hotel-masaimara.com\/es\/wp-json\/wp\/v2\/pages"}],"about":[{"href":"https:\/\/hotel-masaimara.com\/es\/wp-json\/wp\/v2\/types\/page"}],"author":[{"embeddable":true,"href":"https:\/\/hotel-masaimara.com\/es\/wp-json\/wp\/v2\/users\/1"}],"replies":[{"embeddable":true,"href":"https:\/\/hotel-masaimara.com\/es\/wp-json\/wp\/v2\/comments?post=3328"}],"version-history":[{"count":59,"href":"https:\/\/hotel-masaimara.com\/es\/wp-json\/wp\/v2\/pages\/3328\/revisions"}],"predecessor-version":[{"id":5452,"href":"https:\/\/hotel-masaimara.com\/es\/wp-json\/wp\/v2\/pages\/3328\/revisions\/5452"}],"wp:attachment":[{"href":"https:\/\/hotel-masaimara.com\/es\/wp-json\/wp\/v2\/media?parent=3328"}],"curies":[{"name":"wp","href":"https:\/\/api.w.org\/{rel}","templated":true}]}}