{"id":3621,"date":"2024-01-18T10:06:23","date_gmt":"2024-01-18T10:06:23","guid":{"rendered":"https:\/\/pura.uxper.co\/forest-lodge\/contact-02-copy\/"},"modified":"2025-08-05T13:35:40","modified_gmt":"2025-08-05T13:35:40","slug":"kontakt","status":"publish","type":"page","link":"https:\/\/hotel-masaimara.com\/es\/kontakt\/","title":{"rendered":"P\u00f3ngase en contacto con nosotros"},"content":{"rendered":"<div data-elementor-type=\"wp-page\" data-elementor-id=\"3621\" class=\"elementor elementor-3621\">\n\t\t\t\t<div class=\"elementor-element elementor-element-6852b2e1 e-con-full e-flex e-con e-parent\" data-id=\"6852b2e1\" data-element_type=\"container\" data-settings=\"{&quot;background_background&quot;:&quot;classic&quot;}\">\n\t\t\t\t<div class=\"elementor-element elementor-element-15e70dc elementor-widget elementor-widget-heading\" data-id=\"15e70dc\" data-element_type=\"widget\" data-widget_type=\"heading.default\">\n\t\t\t\t<div class=\"elementor-widget-container\">\n\t\t\t\t\t<h2 class=\"elementor-heading-title elementor-size-default\">P\u00f3ngase en contacto con nosotros<\/h2>\t\t\t\t<\/div>\n\t\t\t\t<\/div>\n\t\t\t\t<\/div>\n\t\t<div class=\"elementor-element elementor-element-7b00b231 e-flex e-con-boxed e-con e-child\" data-id=\"7b00b231\" data-element_type=\"container\">\n\t\t\t\t\t<div class=\"e-con-inner\">\n\t\t<div class=\"elementor-element elementor-element-6fa0330d e-con-full animated-fast e-flex elementor-invisible e-con e-child\" data-id=\"6fa0330d\" data-element_type=\"container\" data-settings=\"{&quot;animation&quot;:&quot;uxperFadeInRight&quot;}\">\n\t\t\t\t<div class=\"elementor-element elementor-element-58ca7c06 elementor-widget elementor-widget-uxper-modern-heading\" data-id=\"58ca7c06\" data-element_type=\"widget\" data-widget_type=\"uxper-modern-heading.default\">\n\t\t\t\t<div class=\"elementor-widget-container\">\n\t\t\t\t\t\t\t<div class=\"ue-morden-heading\">\r\n\t\t\t            <div class=\"uxper-ele-heading\">\r\n                                                    <h2 class=\"heading-title\">Contacto<\/h2>\r\n                                                                <div class=\"heading-description\">\r\n                    <p>Tanto si tiene una consulta sobre una reserva, una petici\u00f3n especial o una pregunta general, nuestro equipo del Masai Mara Resort estar\u00e1 encantado de ayudarle. Utilice el formulario de contacto o p\u00f3ngase en contacto por tel\u00e9fono o correo electr\u00f3nico.<\/p>                <\/div>\r\n                            <\/div>\r\n        \t\t<\/div>\r\n\t\t\t\t<\/div>\n\t\t\t\t<\/div>\n\t\t\t\t<div class=\"elementor-element elementor-element-434c79c7 elementor-icon-list--layout-traditional elementor-list-item-link-full_width elementor-widget elementor-widget-icon-list\" data-id=\"434c79c7\" data-element_type=\"widget\" data-widget_type=\"icon-list.default\">\n\t\t\t\t<div class=\"elementor-widget-container\">\n\t\t\t\t\t\t\t<ul class=\"elementor-icon-list-items\">\n\t\t\t\t\t\t\t<li class=\"elementor-icon-list-item\">\n\t\t\t\t\t\t\t\t\t\t\t<span class=\"elementor-icon-list-icon\">\n\t\t\t\t\t\t\t<svg xmlns=\"http:\/\/www.w3.org\/2000\/svg\" width=\"24\" height=\"24\" viewbox=\"0 0 24 24\" fill=\"none\"><g id=\"icon\/24\/MapPin\"><path id=\"Vector\" d=\"M12 6C11.2583 6 10.5333 6.21993 9.91661 6.63199C9.29993 7.04404 8.81928 7.62971 8.53545 8.31494C8.25162 9.00016 8.17736 9.75416 8.32205 10.4816C8.46675 11.209 8.8239 11.8772 9.34835 12.4017C9.8728 12.9261 10.541 13.2833 11.2684 13.4279C11.9958 13.5726 12.7498 13.4984 13.4351 13.2145C14.1203 12.9307 14.706 12.4501 15.118 11.8334C15.5301 11.2167 15.75 10.4917 15.75 9.75C15.75 8.75544 15.3549 7.80161 14.6517 7.09835C13.9484 6.39509 12.9946 6 12 6ZM12 12C11.555 12 11.12 11.868 10.75 11.6208C10.38 11.3736 10.0916 11.0222 9.92127 10.611C9.75097 10.1999 9.70642 9.7475 9.79323 9.31105C9.88005 8.87459 10.0943 8.47368 10.409 8.15901C10.7237 7.84434 11.1246 7.63005 11.561 7.54323C11.9975 7.45642 12.4499 7.50097 12.861 7.67127C13.2722 7.84157 13.6236 8.12996 13.8708 8.49997C14.118 8.86998 14.25 9.30499 14.25 9.75C14.25 10.3467 14.0129 10.919 13.591 11.341C13.169 11.7629 12.5967 12 12 12ZM12 1.5C9.81273 1.50248 7.71575 2.37247 6.16911 3.91911C4.62247 5.46575 3.75248 7.56273 3.75 9.75C3.75 12.6938 5.11031 15.8138 7.6875 18.7734C8.84552 20.1108 10.1489 21.3151 11.5734 22.3641C11.6995 22.4524 11.8498 22.4998 12.0037 22.4998C12.1577 22.4998 12.308 22.4524 12.4341 22.3641C13.856 21.3147 15.1568 20.1104 16.3125 18.7734C18.8859 15.8138 20.25 12.6938 20.25 9.75C20.2475 7.56273 19.3775 5.46575 17.8309 3.91911C16.2843 2.37247 14.1873 1.50248 12 1.5ZM12 20.8125C10.4503 19.5938 5.25 15.1172 5.25 9.75C5.25 7.95979 5.96116 6.2429 7.22703 4.97703C8.4929 3.71116 10.2098 3 12 3C13.7902 3 15.5071 3.71116 16.773 4.97703C18.0388 6.2429 18.75 7.95979 18.75 9.75C18.75 15.1153 13.5497 19.5938 12 20.8125Z\" fill=\"#999999\"><\/path><\/g><\/svg>\t\t\t\t\t\t<\/span>\n\t\t\t\t\t\t\t\t\t\t<span class=\"elementor-icon-list-text\">35108 San Bartolom\u00e9 de Tirajana, Las Palmas, Espa\u00f1a<\/span>\n\t\t\t\t\t\t\t\t\t<\/li>\n\t\t\t\t\t\t\t\t<li class=\"elementor-icon-list-item\">\n\t\t\t\t\t\t\t\t\t\t\t<span class=\"elementor-icon-list-icon\">\n\t\t\t\t\t\t\t<svg xmlns=\"http:\/\/www.w3.org\/2000\/svg\" width=\"24\" height=\"24\" viewbox=\"0 0 24 24\" fill=\"none\"><g id=\"icon\/24\/Phone\"><path id=\"Vector\" d=\"M20.8472 14.8554L16.4306 12.8764L16.4184 12.8707C16.1892 12.7727 15.939 12.7333 15.6907 12.7562C15.4424 12.7792 15.2037 12.8636 14.9963 13.002C14.9718 13.0181 14.9484 13.0357 14.9259 13.0545L12.6441 14.9998C11.1984 14.2976 9.70595 12.8164 9.00376 11.3895L10.9519 9.07294C10.9706 9.0495 10.9884 9.02606 11.0053 9.00075C11.1407 8.79384 11.2229 8.55667 11.2445 8.31035C11.2661 8.06402 11.2264 7.81618 11.1291 7.58887V7.57762L9.14438 3.15356C9.0157 2.85662 8.79444 2.60926 8.51362 2.44841C8.2328 2.28756 7.9075 2.22184 7.58626 2.26106C6.31592 2.42822 5.14986 3.05209 4.30588 4.01615C3.4619 4.98021 2.99771 6.21852 3.00001 7.49981C3.00001 14.9436 9.05626 20.9998 16.5 20.9998C17.7813 21.0021 19.0196 20.5379 19.9837 19.6939C20.9477 18.85 21.5716 17.6839 21.7388 16.4136C21.7781 16.0924 21.7125 15.7672 21.5518 15.4864C21.3911 15.2056 21.144 14.9843 20.8472 14.8554ZM16.5 19.4998C13.3185 19.4963 10.2682 18.2309 8.01856 15.9813C5.76888 13.7316 4.50348 10.6813 4.50001 7.49981C4.49648 6.58433 4.82631 5.69887 5.42789 5.00879C6.02947 4.3187 6.86167 3.87118 7.76907 3.74981C7.7687 3.75355 7.7687 3.75732 7.76907 3.76106L9.73782 8.16731L7.80001 10.4867C7.78034 10.5093 7.76247 10.5335 7.74657 10.5589C7.60549 10.7754 7.52273 11.0246 7.5063 11.2825C7.48988 11.5404 7.54035 11.7981 7.65282 12.0307C8.5022 13.7679 10.2525 15.5051 12.0084 16.3536C12.2428 16.465 12.502 16.5137 12.7608 16.495C13.0196 16.4762 13.2692 16.3907 13.485 16.2467C13.5091 16.2305 13.5322 16.2129 13.5544 16.1942L15.8334 14.2498L20.2397 16.2232C20.2397 16.2232 20.2472 16.2232 20.25 16.2232C20.1301 17.1319 19.6833 17.9658 18.9931 18.5689C18.3028 19.172 17.4166 19.5029 16.5 19.4998Z\" fill=\"#999999\"><\/path><\/g><\/svg>\t\t\t\t\t\t<\/span>\n\t\t\t\t\t\t\t\t\t\t<span class=\"elementor-icon-list-text\">+34 607 55 65 70<\/span>\n\t\t\t\t\t\t\t\t\t<\/li>\n\t\t\t\t\t\t\t\t<li class=\"elementor-icon-list-item\">\n\t\t\t\t\t\t\t\t\t\t\t<span class=\"elementor-icon-list-icon\">\n\t\t\t\t\t\t\t<svg xmlns=\"http:\/\/www.w3.org\/2000\/svg\" width=\"24\" height=\"24\" viewbox=\"0 0 24 24\" fill=\"none\"><g id=\"icon\/24\/mail\"><path id=\"Vector\" d=\"M7 9L10.75 12C11.1047 12.284 11.5456 12.4388 12 12.4388C12.4544 12.4388 12.8953 12.284 13.25 12L17 9M21 7V17C21 17.5304 20.7893 18.0391 20.4142 18.4142C20.0391 18.7893 19.5304 19 19 19H5C4.46957 19 3.96086 18.7893 3.58579 18.4142C3.21071 18.0391 3 17.5304 3 17V7C3 6.46957 3.21071 5.96086 3.58579 5.58579C3.96086 5.21071 4.46957 5 5 5H19C19.5304 5 20.0391 5.21071 20.4142 5.58579C20.7893 5.96086 21 6.46957 21 7Z\" stroke=\"#999999\" stroke-width=\"1.5\" stroke-linecap=\"round\" stroke-linejoin=\"round\"><\/path><\/g><\/svg>\t\t\t\t\t\t<\/span>\n\t\t\t\t\t\t\t\t\t\t<span class=\"elementor-icon-list-text\">hotelmasaimara@gmail.com<\/span>\n\t\t\t\t\t\t\t\t\t<\/li>\n\t\t\t\t\t\t<\/ul>\n\t\t\t\t\t\t<\/div>\n\t\t\t\t<\/div>\n\t\t\t\t<\/div>\n\t\t<div class=\"elementor-element elementor-element-752eda29 e-con-full animated-fast e-flex elementor-invisible e-con e-child\" data-id=\"752eda29\" data-element_type=\"container\" data-settings=\"{&quot;background_background&quot;:&quot;classic&quot;,&quot;animation&quot;:&quot;uxperFadeInLeft&quot;}\">\n\t\t\t\t<div class=\"elementor-element elementor-element-2ca01e2a elementor-widget elementor-widget-uxper-contact-form-7\" data-id=\"2ca01e2a\" data-element_type=\"widget\" data-widget_type=\"uxper-contact-form-7.default\">\n\t\t\t\t<div class=\"elementor-widget-container\">\n\t\t\t\t\t\t\t<div class=\"ue-contact-form-7\">\r\n\t\t\t\n<div class=\"wpcf7 no-js\" id=\"wpcf7-f3579-o1\" lang=\"en-US\" dir=\"ltr\" data-wpcf7-id=\"3579\">\n<div class=\"screen-reader-response\"><p role=\"status\" aria-live=\"polite\" aria-atomic=\"true\"><\/p> <ul><\/ul><\/div>\n<form action=\"\/es\/wp-json\/wp\/v2\/pages\/3621#wpcf7-f3579-o1\" method=\"post\" class=\"wpcf7-form init\" aria-label=\"Formulario de contacto\" novalidate=\"novalidate\" data-status=\"init\" data-trp-original-action=\"\/es\/wp-json\/wp\/v2\/pages\/3621#wpcf7-f3579-o1\">\n<fieldset class=\"hidden-fields-container\"><input type=\"hidden\" name=\"_wpcf7\" value=\"3579\" \/><input type=\"hidden\" name=\"_wpcf7_version\" value=\"6.1.1\" \/><input type=\"hidden\" name=\"_wpcf7_locale\" value=\"en_US\" \/><input type=\"hidden\" name=\"_wpcf7_unit_tag\" value=\"wpcf7-f3579-o1\" \/><input type=\"hidden\" name=\"_wpcf7_container_post\" value=\"0\" \/><input type=\"hidden\" name=\"_wpcf7_posted_data_hash\" value=\"\" \/>\n<\/fieldset>\n<div class=\"form-field\">\n\t<p><span class=\"wpcf7-form-control-wrap\" data-name=\"your-name\"><input size=\"40\" maxlength=\"400\" class=\"wpcf7-form-control wpcf7-text\" aria-invalid=\"false\" placeholder=\"Su nombre\" value=\"\" type=\"text\" name=\"your-name\" \/><\/span>\n\t<\/p>\n<\/div>\n<div class=\"form-field\">\n\t<p><span class=\"wpcf7-form-control-wrap\" data-name=\"your-email\"><input size=\"40\" maxlength=\"400\" class=\"wpcf7-form-control wpcf7-email wpcf7-validates-as-required wpcf7-text wpcf7-validates-as-email\" aria-required=\"true\" aria-invalid=\"false\" placeholder=\"Su direcci\u00f3n de correo electr\u00f3nico *\" value=\"\" type=\"email\" name=\"your-email\" \/><\/span>\n\t<\/p>\n<\/div>\n<div class=\"form-field\">\n\t<p><span class=\"wpcf7-form-control-wrap\" data-name=\"your-phone\"><input size=\"40\" maxlength=\"400\" class=\"wpcf7-form-control wpcf7-text\" aria-invalid=\"false\" placeholder=\"Su n\u00famero de tel\u00e9fono\" value=\"\" type=\"text\" name=\"your-phone\" \/><\/span>\n\t<\/p>\n<\/div>\n<div class=\"form-field\">\n\t<p><span class=\"wpcf7-form-control-wrap\" data-name=\"your-message\"><textarea cols=\"40\" rows=\"10\" maxlength=\"2000\" class=\"wpcf7-form-control wpcf7-textarea\" aria-invalid=\"false\" placeholder=\"Su mensaje\" name=\"your-message\"><\/textarea><\/span>\n\t<\/p>\n<\/div>\n<div class=\"form-field form-submit\">\n\t<p><input class=\"wpcf7-form-control wpcf7-submit has-spinner\" type=\"submit\" value=\"Env\u00edo de\" \/>\n\t<\/p>\n<\/div><div class=\"wpcf7-response-output\" aria-hidden=\"true\"><\/div>\n<input type=\"hidden\" name=\"trp-form-language\" value=\"es\"\/><\/form>\n<\/div>\n\t\t<\/div>\r\n\t\t\t\t<\/div>\n\t\t\t\t<\/div>\n\t\t\t\t<\/div>\n\t\t\t\t\t<\/div>\n\t\t\t\t<\/div>\n\t\t<div class=\"elementor-element elementor-element-aab31c6 e-con-full e-flex e-con e-parent\" data-id=\"aab31c6\" data-element_type=\"container\">\n\t\t\t\t<div class=\"elementor-element elementor-element-628ecf6 elementor-widget elementor-widget-google_maps\" data-id=\"628ecf6\" data-element_type=\"widget\" data-widget_type=\"google_maps.default\">\n\t\t\t\t<div class=\"elementor-widget-container\">\n\t\t\t\t\t\t\t<div class=\"elementor-custom-embed\">\n\t\t\t<iframe loading=\"lazy\"\n\t\t\t\t\tsrc=\"https:\/\/maps.google.com\/maps?q=%20GC-60%2C%2035108%20San%20Bartolom%C3%A9%20de%20Tirajana%2C%20Las%20Palmas%2C%20Spanien&#038;t=m&#038;z=10&#038;output=embed&#038;iwloc=near\"\n\t\t\t\t\ttitle=\" GC-60, 35108 San Bartolom\u00e9 de Tirajana, Las Palmas, Espa\u00f1a\"\n\t\t\t\t\taria-label=\" GC-60, 35108 San Bartolom\u00e9 de Tirajana, Las Palmas, Espa\u00f1a\"\n\t\t\t><\/iframe>\n\t\t<\/div>\n\t\t\t\t\t\t<\/div>\n\t\t\t\t<\/div>\n\t\t\t\t<\/div>\n\t\t\t\t<\/div>","protected":false},"excerpt":{"rendered":"<p>P\u00f3ngase en contacto con nosotros Tanto si tiene una consulta sobre una reserva, una petici\u00f3n especial o una pregunta general, nuestro equipo del Masai Mara Resort estar\u00e1 encantado de ayudarle. Utilice el formulario de contacto o p\u00f3ngase en contacto por tel\u00e9fono o correo electr\u00f3nico. 35108 San Bartolom\u00e9 de Tirajana, Las Palmas, Espa\u00f1a +34 607 55 65 70 hotelmasaimara@gmail.com<\/p>","protected":false},"author":1,"featured_media":0,"parent":0,"menu_order":0,"comment_status":"closed","ping_status":"closed","template":"elementor_header_footer","meta":{"footnotes":""},"class_list":["post-3621","page","type-page","status-publish","hentry","post-no-thumbnail"],"_links":{"self":[{"href":"https:\/\/hotel-masaimara.com\/es\/wp-json\/wp\/v2\/pages\/3621","targetHints":{"allow":["GET"]}}],"collection":[{"href":"https:\/\/hotel-masaimara.com\/es\/wp-json\/wp\/v2\/pages"}],"about":[{"href":"https:\/\/hotel-masaimara.com\/es\/wp-json\/wp\/v2\/types\/page"}],"author":[{"embeddable":true,"href":"https:\/\/hotel-masaimara.com\/es\/wp-json\/wp\/v2\/users\/1"}],"replies":[{"embeddable":true,"href":"https:\/\/hotel-masaimara.com\/es\/wp-json\/wp\/v2\/comments?post=3621"}],"version-history":[{"count":19,"href":"https:\/\/hotel-masaimara.com\/es\/wp-json\/wp\/v2\/pages\/3621\/revisions"}],"predecessor-version":[{"id":5311,"href":"https:\/\/hotel-masaimara.com\/es\/wp-json\/wp\/v2\/pages\/3621\/revisions\/5311"}],"wp:attachment":[{"href":"https:\/\/hotel-masaimara.com\/es\/wp-json\/wp\/v2\/media?parent=3621"}],"curies":[{"name":"wp","href":"https:\/\/api.w.org\/{rel}","templated":true}]}}