{"id":4926,"date":"2025-07-24T13:53:27","date_gmt":"2025-07-24T13:53:27","guid":{"rendered":"http:\/\/hotel-masaimara.com\/?page_id=4926"},"modified":"2026-02-20T14:58:59","modified_gmt":"2026-02-20T14:58:59","slug":"aktivitaten","status":"publish","type":"page","link":"https:\/\/hotel-masaimara.com\/es\/aktivitaten\/","title":{"rendered":"Actividades"},"content":{"rendered":"<div data-elementor-type=\"wp-page\" data-elementor-id=\"4926\" class=\"elementor elementor-4926\">\n\t\t\t\t<div class=\"elementor-element elementor-element-ac604f1 e-con-full e-flex e-con e-parent\" data-id=\"ac604f1\" data-element_type=\"container\" data-settings=\"{&quot;background_background&quot;:&quot;classic&quot;}\">\n\t\t\t\t<div class=\"elementor-element elementor-element-5af6dc7e elementor-widget elementor-widget-heading\" data-id=\"5af6dc7e\" data-element_type=\"widget\" data-widget_type=\"heading.default\">\n\t\t\t\t<div class=\"elementor-widget-container\">\n\t\t\t\t\t<h2 class=\"elementor-heading-title elementor-size-default\">Actividades<\/h2>\t\t\t\t<\/div>\n\t\t\t\t<\/div>\n\t\t\t\t<\/div>\n\t\t<div class=\"elementor-element elementor-element-3fe68274 e-flex e-con-boxed e-con e-parent\" data-id=\"3fe68274\" data-element_type=\"container\">\n\t\t\t\t\t<div class=\"e-con-inner\">\n\t\t\t\t<div class=\"elementor-element elementor-element-3a8d6e42 animated-fast elementor-invisible elementor-widget elementor-widget-uxper-modern-heading\" data-id=\"3a8d6e42\" data-element_type=\"widget\" data-settings=\"{&quot;_animation&quot;:&quot;uxperFadeInUp&quot;}\" data-widget_type=\"uxper-modern-heading.default\">\n\t\t\t\t<div class=\"elementor-widget-container\">\n\t\t\t\t\t\t\t<div class=\"ue-morden-heading\">\r\n\t\t\t            <div class=\"uxper-ele-heading\">\r\n                                                    <h2 class=\"heading-title\">Naturaleza, descubrimiento y relajaci\u00f3n <br> Tu tiempo libre en el Masai Mara Resort<\/h2>\r\n                                                                <div class=\"heading-description\">\r\n                    <p>Bienvenido al Masai Mara Resort, donde la naturaleza comienza justo a su puerta. Tanto si busca una escapada rom\u00e1ntica, aventuras en familia o un descanso para los amantes de la naturaleza, nuestro complejo ofrece la combinaci\u00f3n perfecta de actividad, relajaci\u00f3n y aut\u00e9ntico encanto isle\u00f1o.<\/p>                <\/div>\r\n                            <\/div>\r\n        \t\t<\/div>\r\n\t\t\t\t<\/div>\n\t\t\t\t<\/div>\n\t\t\t\t\t<\/div>\n\t\t\t\t<\/div>\n\t\t<div class=\"elementor-element elementor-element-30d7447 e-flex e-con-boxed e-con e-parent\" data-id=\"30d7447\" data-element_type=\"container\">\n\t\t\t\t\t<div class=\"e-con-inner\">\n\t\t<div class=\"elementor-element elementor-element-22b172c e-h-100 e-con-full e-flex e-con e-child\" data-id=\"22b172c\" data-element_type=\"container\">\n\t\t<div class=\"elementor-element elementor-element-b2191a1 e-con-full e-h-100 e-flex e-con e-child\" data-id=\"b2191a1\" data-element_type=\"container\">\n\t\t\t\t<div class=\"elementor-element elementor-element-8cdd29a elementor-widget elementor-widget-spacer\" data-id=\"8cdd29a\" data-element_type=\"widget\" data-widget_type=\"spacer.default\">\n\t\t\t\t<div class=\"elementor-widget-container\">\n\t\t\t\t\t\t\t<div class=\"elementor-spacer\">\n\t\t\t<div class=\"elementor-spacer-inner\"><\/div>\n\t\t<\/div>\n\t\t\t\t\t\t<\/div>\n\t\t\t\t<\/div>\n\t\t\t\t<div class=\"elementor-element elementor-element-c29552a animated-fast elementor-invisible elementor-widget elementor-widget-image\" data-id=\"c29552a\" data-element_type=\"widget\" data-settings=\"{&quot;_animation&quot;:&quot;uxperFadeInRight&quot;}\" data-widget_type=\"image.default\">\n\t\t\t\t<div class=\"elementor-widget-container\">\n\t\t\t\t\t\t\t\t\t\t\t\t\t\t\t<img fetchpriority=\"high\" decoding=\"async\" width=\"1600\" height=\"1204\" src=\"https:\/\/hotel-masaimara.com\/wp-content\/uploads\/2021\/06\/IMG-20250613-WA0054.webp\" class=\"attachment-full size-full wp-image-4653\" alt=\"\" srcset=\"https:\/\/hotel-masaimara.com\/wp-content\/uploads\/2021\/06\/IMG-20250613-WA0054.webp 1600w, https:\/\/hotel-masaimara.com\/wp-content\/uploads\/2021\/06\/IMG-20250613-WA0054-300x226.webp 300w, https:\/\/hotel-masaimara.com\/wp-content\/uploads\/2021\/06\/IMG-20250613-WA0054-1024x771.webp 1024w, https:\/\/hotel-masaimara.com\/wp-content\/uploads\/2021\/06\/IMG-20250613-WA0054-768x578.webp 768w, https:\/\/hotel-masaimara.com\/wp-content\/uploads\/2021\/06\/IMG-20250613-WA0054-1536x1156.webp 1536w, https:\/\/hotel-masaimara.com\/wp-content\/uploads\/2021\/06\/IMG-20250613-WA0054-600x452.webp 600w\" sizes=\"(max-width: 1600px) 100vw, 1600px\" \/>\t\t\t\t\t\t\t\t\t\t\t\t\t\t\t<\/div>\n\t\t\t\t<\/div>\n\t\t\t\t<\/div>\n\t\t<div class=\"elementor-element elementor-element-9f3fd3d e-con-full animated-fast e-flex elementor-invisible e-con e-child\" data-id=\"9f3fd3d\" data-element_type=\"container\" data-settings=\"{&quot;background_background&quot;:&quot;classic&quot;,&quot;animation&quot;:&quot;uxperFadeInLeft&quot;}\">\n\t\t\t\t<div class=\"elementor-element elementor-element-1bf0a68 animated-fast elementor-invisible elementor-widget elementor-widget-uxper-modern-heading\" data-id=\"1bf0a68\" data-element_type=\"widget\" data-settings=\"{&quot;_animation&quot;:&quot;uxperFadeInUp&quot;}\" data-widget_type=\"uxper-modern-heading.default\">\n\t\t\t\t<div class=\"elementor-widget-container\">\n\t\t\t\t\t\t\t<div class=\"ue-morden-heading\">\r\n\t\t\t            <div class=\"uxper-ele-heading\">\r\n                                                    <h2 class=\"heading-title\">Descubrir juntos el senderismo y la naturaleza<\/h2>\r\n                                                                <div class=\"heading-description\">\r\n                    <p>Salga en pareja o con toda la familia por senderos bien se\u00f1alizados a trav\u00e9s de palmerales y fragantes plantaciones de naranjos. El variado paisaje, con profundas gargantas, verdes campos en terrazas e impresionantes formaciones rocosas, invita a explorar. Descubra tranquilos embalses, coloridas flores silvestres y plantas ex\u00f3ticas: un para\u00edso para los amantes de la naturaleza de todas las edades.<\/p>                <\/div>\r\n                            <\/div>\r\n        \t\t<\/div>\r\n\t\t\t\t<\/div>\n\t\t\t\t<\/div>\n\t\t\t\t<\/div>\n\t\t\t\t<\/div>\n\t\t\t\t\t<\/div>\n\t\t\t\t<\/div>\n\t\t<div class=\"elementor-element elementor-element-313f29f e-h-100 e-flex e-con-boxed e-con e-child\" data-id=\"313f29f\" data-element_type=\"container\">\n\t\t\t\t\t<div class=\"e-con-inner\">\n\t\t<div class=\"elementor-element elementor-element-ff1440e e-con-full e-h-100 e-flex e-con e-child\" data-id=\"ff1440e\" data-element_type=\"container\">\n\t\t\t\t<div class=\"elementor-element elementor-element-12799db animated-fast elementor-invisible elementor-widget elementor-widget-image\" data-id=\"12799db\" data-element_type=\"widget\" data-settings=\"{&quot;_animation&quot;:&quot;uxperFadeInLeft&quot;}\" data-widget_type=\"image.default\">\n\t\t\t\t<div class=\"elementor-widget-container\">\n\t\t\t\t\t\t\t\t\t\t\t\t\t\t\t<img decoding=\"async\" width=\"2048\" height=\"1536\" src=\"https:\/\/hotel-masaimara.com\/wp-content\/uploads\/2025\/09\/WhatsApp-Image-2025-07-31-at-12.16.57.jpeg\" class=\"attachment-full size-full wp-image-5329\" alt=\"\" srcset=\"https:\/\/hotel-masaimara.com\/wp-content\/uploads\/2025\/09\/WhatsApp-Image-2025-07-31-at-12.16.57.jpeg 2048w, https:\/\/hotel-masaimara.com\/wp-content\/uploads\/2025\/09\/WhatsApp-Image-2025-07-31-at-12.16.57-300x225.jpeg 300w, https:\/\/hotel-masaimara.com\/wp-content\/uploads\/2025\/09\/WhatsApp-Image-2025-07-31-at-12.16.57-1024x768.jpeg 1024w, https:\/\/hotel-masaimara.com\/wp-content\/uploads\/2025\/09\/WhatsApp-Image-2025-07-31-at-12.16.57-768x576.jpeg 768w, https:\/\/hotel-masaimara.com\/wp-content\/uploads\/2025\/09\/WhatsApp-Image-2025-07-31-at-12.16.57-1536x1152.jpeg 1536w, https:\/\/hotel-masaimara.com\/wp-content\/uploads\/2025\/09\/WhatsApp-Image-2025-07-31-at-12.16.57-16x12.jpeg 16w\" sizes=\"(max-width: 2048px) 100vw, 2048px\" \/>\t\t\t\t\t\t\t\t\t\t\t\t\t\t\t<\/div>\n\t\t\t\t<\/div>\n\t\t\t\t<\/div>\n\t\t<div class=\"elementor-element elementor-element-d250307 e-con-full animated-fast e-flex elementor-invisible e-con e-child\" data-id=\"d250307\" data-element_type=\"container\" data-settings=\"{&quot;background_background&quot;:&quot;classic&quot;,&quot;animation&quot;:&quot;uxperFadeInLeft&quot;}\">\n\t\t\t\t<div class=\"elementor-element elementor-element-ea98ba5 animated-fast elementor-invisible elementor-widget elementor-widget-uxper-modern-heading\" data-id=\"ea98ba5\" data-element_type=\"widget\" data-settings=\"{&quot;_animation&quot;:&quot;uxperFadeInUp&quot;}\" data-widget_type=\"uxper-modern-heading.default\">\n\t\t\t\t<div class=\"elementor-widget-container\">\n\t\t\t\t\t\t\t<div class=\"ue-morden-heading\">\r\n\t\t\t            <div class=\"uxper-ele-heading\">\r\n                                                    <h2 class=\"heading-title\">Rel\u00e1jese despu\u00e9s de la aventura<\/h2>\r\n                                                                <div class=\"heading-description\">\r\n                    <p>Despu\u00e9s de un d\u00eda ajetreado, la terraza y el bar invitan a relajarse. Las parejas disfrutan aqu\u00ed de un c\u00f3ctel mientras el sol se pone, las familias se relajan juntas con una bebida fresca. Un lugar para respirar hondo y saborear la vista de los naranjos.<\/p>                <\/div>\r\n                            <\/div>\r\n        \t\t<\/div>\r\n\t\t\t\t<\/div>\n\t\t\t\t<\/div>\n\t\t\t\t<\/div>\n\t\t\t\t\t<\/div>\n\t\t\t\t<\/div>\n\t\t<div class=\"elementor-element elementor-element-b2e28eb e-flex e-con-boxed e-con e-parent\" data-id=\"b2e28eb\" data-element_type=\"container\">\n\t\t\t\t\t<div class=\"e-con-inner\">\n\t\t\t\t<div class=\"elementor-element elementor-element-b627425 elementor-widget elementor-widget-spacer\" data-id=\"b627425\" data-element_type=\"widget\" data-widget_type=\"spacer.default\">\n\t\t\t\t<div class=\"elementor-widget-container\">\n\t\t\t\t\t\t\t<div class=\"elementor-spacer\">\n\t\t\t<div class=\"elementor-spacer-inner\"><\/div>\n\t\t<\/div>\n\t\t\t\t\t\t<\/div>\n\t\t\t\t<\/div>\n\t\t\t\t\t<\/div>\n\t\t\t\t<\/div>\n\t\t<div class=\"elementor-element elementor-element-dae7b38 e-h-100 e-flex e-con-boxed e-con e-child\" data-id=\"dae7b38\" data-element_type=\"container\">\n\t\t\t\t\t<div class=\"e-con-inner\">\n\t\t<div class=\"elementor-element elementor-element-6b8c1ac e-con-full e-h-100 e-flex e-con e-child\" data-id=\"6b8c1ac\" data-element_type=\"container\">\n\t\t\t\t<div class=\"elementor-element elementor-element-ab92d03 animated-fast elementor-invisible elementor-widget elementor-widget-image\" data-id=\"ab92d03\" data-element_type=\"widget\" data-settings=\"{&quot;_animation&quot;:&quot;uxperFadeInRight&quot;}\" data-widget_type=\"image.default\">\n\t\t\t\t<div class=\"elementor-widget-container\">\n\t\t\t\t\t\t\t\t\t\t\t\t\t\t\t<img decoding=\"async\" width=\"2048\" height=\"1536\" src=\"https:\/\/hotel-masaimara.com\/wp-content\/uploads\/2026\/02\/WhatsApp-Image-2026-02-19-at-12.54.14-4.jpeg\" class=\"attachment-full size-full wp-image-5453\" alt=\"\" srcset=\"https:\/\/hotel-masaimara.com\/wp-content\/uploads\/2026\/02\/WhatsApp-Image-2026-02-19-at-12.54.14-4.jpeg 2048w, https:\/\/hotel-masaimara.com\/wp-content\/uploads\/2026\/02\/WhatsApp-Image-2026-02-19-at-12.54.14-4-300x225.jpeg 300w, https:\/\/hotel-masaimara.com\/wp-content\/uploads\/2026\/02\/WhatsApp-Image-2026-02-19-at-12.54.14-4-1024x768.jpeg 1024w, https:\/\/hotel-masaimara.com\/wp-content\/uploads\/2026\/02\/WhatsApp-Image-2026-02-19-at-12.54.14-4-768x576.jpeg 768w, https:\/\/hotel-masaimara.com\/wp-content\/uploads\/2026\/02\/WhatsApp-Image-2026-02-19-at-12.54.14-4-1536x1152.jpeg 1536w, https:\/\/hotel-masaimara.com\/wp-content\/uploads\/2026\/02\/WhatsApp-Image-2026-02-19-at-12.54.14-4-16x12.jpeg 16w\" sizes=\"(max-width: 2048px) 100vw, 2048px\" \/>\t\t\t\t\t\t\t\t\t\t\t\t\t\t\t<\/div>\n\t\t\t\t<\/div>\n\t\t\t\t<\/div>\n\t\t<div class=\"elementor-element elementor-element-40aa090 e-con-full animated-fast e-flex elementor-invisible e-con e-child\" data-id=\"40aa090\" data-element_type=\"container\" data-settings=\"{&quot;background_background&quot;:&quot;classic&quot;,&quot;animation&quot;:&quot;uxperFadeInLeft&quot;}\">\n\t\t\t\t<div class=\"elementor-element elementor-element-3a3001a animated-fast elementor-invisible elementor-widget elementor-widget-uxper-modern-heading\" data-id=\"3a3001a\" data-element_type=\"widget\" data-settings=\"{&quot;_animation&quot;:&quot;uxperFadeInUp&quot;}\" data-widget_type=\"uxper-modern-heading.default\">\n\t\t\t\t<div class=\"elementor-widget-container\">\n\t\t\t\t\t\t\t<div class=\"ue-morden-heading\">\r\n\t\t\t            <div class=\"uxper-ele-heading\">\r\n                                                    <h2 class=\"heading-title\">La cultura isle\u00f1a de cerca: excursiones a pueblos de monta\u00f1a<\/h2>\r\n                                                                <div class=\"heading-description\">\r\n                    <p>Haga una excursi\u00f3n de un d\u00eda a uno de los pueblos de monta\u00f1a tradicionales de la isla. Pasee por callejuelas hist\u00f3ricas, pruebe especialidades caseras y d\u00e9jese inspirar por la c\u00e1lida hospitalidad. Una experiencia valiosa tanto para parejas como para familias.<\/p>                <\/div>\r\n                            <\/div>\r\n        \t\t<\/div>\r\n\t\t\t\t<\/div>\n\t\t\t\t<\/div>\n\t\t\t\t<\/div>\n\t\t\t\t\t<\/div>\n\t\t\t\t<\/div>\n\t\t<div class=\"elementor-element elementor-element-a48263c e-flex e-con-boxed e-con e-parent\" data-id=\"a48263c\" data-element_type=\"container\">\n\t\t\t\t\t<div class=\"e-con-inner\">\n\t\t<div class=\"elementor-element elementor-element-49e249d e-h-100 e-con-full e-flex e-con e-child\" data-id=\"49e249d\" data-element_type=\"container\">\n\t\t<div class=\"elementor-element elementor-element-d492713 e-con-full e-h-100 e-flex e-con e-child\" data-id=\"d492713\" data-element_type=\"container\">\n\t\t\t\t<div class=\"elementor-element elementor-element-c522c9e elementor-widget elementor-widget-spacer\" data-id=\"c522c9e\" data-element_type=\"widget\" data-widget_type=\"spacer.default\">\n\t\t\t\t<div class=\"elementor-widget-container\">\n\t\t\t\t\t\t\t<div class=\"elementor-spacer\">\n\t\t\t<div class=\"elementor-spacer-inner\"><\/div>\n\t\t<\/div>\n\t\t\t\t\t\t<\/div>\n\t\t\t\t<\/div>\n\t\t\t\t<div class=\"elementor-element elementor-element-36ce475 animated-fast elementor-invisible elementor-widget elementor-widget-image\" data-id=\"36ce475\" data-element_type=\"widget\" data-settings=\"{&quot;_animation&quot;:&quot;uxperFadeInLeft&quot;}\" data-widget_type=\"image.default\">\n\t\t\t\t<div class=\"elementor-widget-container\">\n\t\t\t\t\t\t\t\t\t\t\t\t\t\t\t<img loading=\"lazy\" decoding=\"async\" width=\"1600\" height=\"1200\" src=\"https:\/\/hotel-masaimara.com\/wp-content\/uploads\/2021\/06\/WhatsApp-Goersel-2025-06-27-saat-11.55.39_3ca5a5ea.webp\" class=\"attachment-full size-full wp-image-4668\" alt=\"\" srcset=\"https:\/\/hotel-masaimara.com\/wp-content\/uploads\/2021\/06\/WhatsApp-Goersel-2025-06-27-saat-11.55.39_3ca5a5ea.webp 1600w, https:\/\/hotel-masaimara.com\/wp-content\/uploads\/2021\/06\/WhatsApp-Goersel-2025-06-27-saat-11.55.39_3ca5a5ea-300x225.webp 300w, https:\/\/hotel-masaimara.com\/wp-content\/uploads\/2021\/06\/WhatsApp-Goersel-2025-06-27-saat-11.55.39_3ca5a5ea-1024x768.webp 1024w, https:\/\/hotel-masaimara.com\/wp-content\/uploads\/2021\/06\/WhatsApp-Goersel-2025-06-27-saat-11.55.39_3ca5a5ea-768x576.webp 768w, https:\/\/hotel-masaimara.com\/wp-content\/uploads\/2021\/06\/WhatsApp-Goersel-2025-06-27-saat-11.55.39_3ca5a5ea-1536x1152.webp 1536w, https:\/\/hotel-masaimara.com\/wp-content\/uploads\/2021\/06\/WhatsApp-Goersel-2025-06-27-saat-11.55.39_3ca5a5ea-600x450.webp 600w\" sizes=\"(max-width: 1600px) 100vw, 1600px\" \/>\t\t\t\t\t\t\t\t\t\t\t\t\t\t\t<\/div>\n\t\t\t\t<\/div>\n\t\t\t\t<\/div>\n\t\t<div class=\"elementor-element elementor-element-3691353 e-con-full animated-fast e-flex elementor-invisible e-con e-child\" data-id=\"3691353\" data-element_type=\"container\" data-settings=\"{&quot;background_background&quot;:&quot;classic&quot;,&quot;animation&quot;:&quot;uxperFadeInLeft&quot;}\">\n\t\t\t\t<div class=\"elementor-element elementor-element-539179f animated-fast elementor-invisible elementor-widget elementor-widget-uxper-modern-heading\" data-id=\"539179f\" data-element_type=\"widget\" data-settings=\"{&quot;_animation&quot;:&quot;uxperFadeInUp&quot;}\" data-widget_type=\"uxper-modern-heading.default\">\n\t\t\t\t<div class=\"elementor-widget-container\">\n\t\t\t\t\t\t\t<div class=\"ue-morden-heading\">\r\n\t\t\t            <div class=\"uxper-ele-heading\">\r\n                                                    <h2 class=\"heading-title\">Relajaci\u00f3n en la piscina <br>Para grandes y peque\u00f1os<\/h2>\r\n                                                                <div class=\"heading-description\">\r\n                    <p>Nuestra tranquila zona de piscina es el lugar ideal para desconectar: Nade unos largos, rel\u00e1jese en la tumbona o chapotee con los ni\u00f1os. La relajaci\u00f3n perfecta en plena naturaleza.<\/p>                <\/div>\r\n                            <\/div>\r\n        \t\t<\/div>\r\n\t\t\t\t<\/div>\n\t\t\t\t<\/div>\n\t\t\t\t<\/div>\n\t\t\t\t<\/div>\n\t\t\t\t\t<\/div>\n\t\t\t\t<\/div>\n\t\t<div class=\"elementor-element elementor-element-4b7cf6b e-flex e-con-boxed e-con e-parent\" data-id=\"4b7cf6b\" data-element_type=\"container\">\n\t\t\t\t\t<div class=\"e-con-inner\">\n\t\t\t\t<div class=\"elementor-element elementor-element-538f5c1 elementor-widget elementor-widget-spacer\" data-id=\"538f5c1\" data-element_type=\"widget\" data-widget_type=\"spacer.default\">\n\t\t\t\t<div class=\"elementor-widget-container\">\n\t\t\t\t\t\t\t<div class=\"elementor-spacer\">\n\t\t\t<div class=\"elementor-spacer-inner\"><\/div>\n\t\t<\/div>\n\t\t\t\t\t\t<\/div>\n\t\t\t\t<\/div>\n\t\t\t\t\t<\/div>\n\t\t\t\t<\/div>\n\t\t<div class=\"elementor-element elementor-element-75811fa e-h-100 e-flex e-con-boxed e-con e-child\" data-id=\"75811fa\" data-element_type=\"container\">\n\t\t\t\t\t<div class=\"e-con-inner\">\n\t\t<div class=\"elementor-element elementor-element-d20e8ca e-con-full e-h-100 e-flex e-con e-child\" data-id=\"d20e8ca\" data-element_type=\"container\">\n\t\t\t\t<div class=\"elementor-element elementor-element-d2e26ee animated-fast elementor-invisible elementor-widget elementor-widget-image\" data-id=\"d2e26ee\" data-element_type=\"widget\" data-settings=\"{&quot;_animation&quot;:&quot;uxperFadeInRight&quot;}\" data-widget_type=\"image.default\">\n\t\t\t\t<div class=\"elementor-widget-container\">\n\t\t\t\t\t\t\t\t\t\t\t\t\t\t\t<img fetchpriority=\"high\" decoding=\"async\" width=\"1600\" height=\"1204\" src=\"https:\/\/hotel-masaimara.com\/wp-content\/uploads\/2021\/06\/IMG-20250613-WA0054.webp\" class=\"attachment-full size-full wp-image-4653\" alt=\"\" srcset=\"https:\/\/hotel-masaimara.com\/wp-content\/uploads\/2021\/06\/IMG-20250613-WA0054.webp 1600w, https:\/\/hotel-masaimara.com\/wp-content\/uploads\/2021\/06\/IMG-20250613-WA0054-300x226.webp 300w, https:\/\/hotel-masaimara.com\/wp-content\/uploads\/2021\/06\/IMG-20250613-WA0054-1024x771.webp 1024w, https:\/\/hotel-masaimara.com\/wp-content\/uploads\/2021\/06\/IMG-20250613-WA0054-768x578.webp 768w, https:\/\/hotel-masaimara.com\/wp-content\/uploads\/2021\/06\/IMG-20250613-WA0054-1536x1156.webp 1536w, https:\/\/hotel-masaimara.com\/wp-content\/uploads\/2021\/06\/IMG-20250613-WA0054-600x452.webp 600w\" sizes=\"(max-width: 1600px) 100vw, 1600px\" \/>\t\t\t\t\t\t\t\t\t\t\t\t\t\t\t<\/div>\n\t\t\t\t<\/div>\n\t\t\t\t<\/div>\n\t\t<div class=\"elementor-element elementor-element-58648ab e-con-full animated-fast e-flex elementor-invisible e-con e-child\" data-id=\"58648ab\" data-element_type=\"container\" data-settings=\"{&quot;background_background&quot;:&quot;classic&quot;,&quot;animation&quot;:&quot;uxperFadeInLeft&quot;}\">\n\t\t\t\t<div class=\"elementor-element elementor-element-2284f55 animated-fast elementor-invisible elementor-widget elementor-widget-uxper-modern-heading\" data-id=\"2284f55\" data-element_type=\"widget\" data-settings=\"{&quot;_animation&quot;:&quot;uxperFadeInUp&quot;}\" data-widget_type=\"uxper-modern-heading.default\">\n\t\t\t\t<div class=\"elementor-widget-container\">\n\t\t\t\t\t\t\t<div class=\"ue-morden-heading\">\r\n\t\t\t            <div class=\"uxper-ele-heading\">\r\n                                                    <h2 class=\"heading-title\">Un retiro entre la monta\u00f1a y el mar<\/h2>\r\n                                                                <div class=\"heading-description\">\r\n                    <p>Lejos del turismo de masas y, sin embargo, a s\u00f3lo unos minutos del mar, el Masai Mara Resort es un lugar de tranquilidad, ideal para parejas, familias y amantes de las actividades al aire libre. La diversidad del paisaje invita a practicar senderismo, ciclismo o simplemente a detenerse un momento.<br \/>Aqu\u00ed encontrar\u00e1 su equilibrio: entre actividad y relajaci\u00f3n, entre naturaleza y tiempo para usted mismo.<\/p>                <\/div>\r\n                            <\/div>\r\n        \t\t<\/div>\r\n\t\t\t\t<\/div>\n\t\t\t\t<\/div>\n\t\t\t\t<\/div>\n\t\t\t\t\t<\/div>\n\t\t\t\t<\/div>\n\t\t\t\t<\/div>","protected":false},"excerpt":{"rendered":"<p>Actividades Naturaleza, descubrimientos y relajaci\u00f3n Su tiempo libre en el Masai Mara Resort Bienvenido al Masai Mara Resort, donde la naturaleza comienza justo a su puerta. Ya se trate de una escapada rom\u00e1ntica, de aventuras en familia o de un descanso para los amantes de la naturaleza: nuestro complejo ofrece la combinaci\u00f3n perfecta de actividad, relajaci\u00f3n y aut\u00e9ntico encanto isle\u00f1o. Descubrir juntos - experimentar el senderismo y la naturaleza Inicio [...]<\/p>","protected":false},"author":1,"featured_media":0,"parent":0,"menu_order":0,"comment_status":"closed","ping_status":"closed","template":"elementor_header_footer","meta":{"footnotes":""},"class_list":["post-4926","page","type-page","status-publish","hentry","post-no-thumbnail"],"_links":{"self":[{"href":"https:\/\/hotel-masaimara.com\/es\/wp-json\/wp\/v2\/pages\/4926","targetHints":{"allow":["GET"]}}],"collection":[{"href":"https:\/\/hotel-masaimara.com\/es\/wp-json\/wp\/v2\/pages"}],"about":[{"href":"https:\/\/hotel-masaimara.com\/es\/wp-json\/wp\/v2\/types\/page"}],"author":[{"embeddable":true,"href":"https:\/\/hotel-masaimara.com\/es\/wp-json\/wp\/v2\/users\/1"}],"replies":[{"embeddable":true,"href":"https:\/\/hotel-masaimara.com\/es\/wp-json\/wp\/v2\/comments?post=4926"}],"version-history":[{"count":19,"href":"https:\/\/hotel-masaimara.com\/es\/wp-json\/wp\/v2\/pages\/4926\/revisions"}],"predecessor-version":[{"id":5456,"href":"https:\/\/hotel-masaimara.com\/es\/wp-json\/wp\/v2\/pages\/4926\/revisions\/5456"}],"wp:attachment":[{"href":"https:\/\/hotel-masaimara.com\/es\/wp-json\/wp\/v2\/media?parent=4926"}],"curies":[{"name":"wp","href":"https:\/\/api.w.org\/{rel}","templated":true}]}}