{"id":5385,"date":"2026-02-20T13:17:08","date_gmt":"2026-02-20T13:17:08","guid":{"rendered":"https:\/\/hotel-masaimara.com\/?page_id=5385"},"modified":"2026-05-05T15:00:03","modified_gmt":"2026-05-05T15:00:03","slug":"glamping-zelte","status":"publish","type":"page","link":"https:\/\/hotel-masaimara.com\/es\/glamping-zelte\/","title":{"rendered":"Tiendas de glamping"},"content":{"rendered":"<div data-elementor-type=\"wp-page\" data-elementor-id=\"5385\" class=\"elementor elementor-5385\">\n\t\t\t\t<div class=\"elementor-element elementor-element-ac604f1 e-con-full e-flex e-con e-parent\" data-id=\"ac604f1\" data-element_type=\"container\" data-settings=\"{&quot;background_background&quot;:&quot;classic&quot;}\">\n\t\t\t\t<div class=\"elementor-element elementor-element-5af6dc7e elementor-widget elementor-widget-heading\" data-id=\"5af6dc7e\" data-element_type=\"widget\" data-widget_type=\"heading.default\">\n\t\t\t\t<div class=\"elementor-widget-container\">\n\t\t\t\t\t<h2 class=\"elementor-heading-title elementor-size-default\">Tiendas de glamping<\/h2>\t\t\t\t<\/div>\n\t\t\t\t<\/div>\n\t\t\t\t<\/div>\n\t\t<div class=\"elementor-element elementor-element-3fe68274 e-flex e-con-boxed e-con e-parent\" data-id=\"3fe68274\" data-element_type=\"container\">\n\t\t\t\t\t<div class=\"e-con-inner\">\n\t\t\t\t<div class=\"elementor-element elementor-element-3a8d6e42 animated-fast elementor-invisible elementor-widget elementor-widget-uxper-modern-heading\" data-id=\"3a8d6e42\" data-element_type=\"widget\" data-settings=\"{&quot;_animation&quot;:&quot;uxperFadeInUp&quot;}\" data-widget_type=\"uxper-modern-heading.default\">\n\t\t\t\t<div class=\"elementor-widget-container\">\n\t\t\t\t\t\t\t<div class=\"ue-morden-heading\">\r\n\t\t\t            <div class=\"uxper-ele-heading\">\r\n                                                    <h2 class=\"heading-title translation-block\">Glamping &amp; Appartement Hotel in den Bergen von <br>Gran Canaria \u2013 Natur, Ruhe &amp; Komfort<\/h2>\r\n                                                                <div class=\"heading-description\">\r\n                    <p>Bienvenidos a nuestro exclusivo hotel de apartamentos y glamping en Gran Canaria, situado en el hermoso valle de Fataga, rodeado de monta\u00f1as impresionantes y naranjos.<\/p><p>Nuestro alojamiento combina la experiencia de la naturaleza con el confort moderno, ofreciendo un entorno tranquilo lejos del turismo masivo. Aqu\u00ed podr\u00e1 disfrutar de vistas panor\u00e1micas espectaculares y del aut\u00e9ntico encanto de Gran Canaria.<\/p>                <\/div>\r\n                            <\/div>\r\n        \t\t<\/div>\r\n\t\t\t\t<\/div>\n\t\t\t\t<\/div>\n\t\t\t\t\t<\/div>\n\t\t\t\t<\/div>\n\t\t<div class=\"elementor-element elementor-element-6ddf191 e-flex e-con-boxed e-con e-parent\" data-id=\"6ddf191\" data-element_type=\"container\">\n\t\t\t\t\t<div class=\"e-con-inner\">\n\t\t<div class=\"elementor-element elementor-element-df41873 e-con-full e-flex e-con e-child\" data-id=\"df41873\" data-element_type=\"container\">\n\t\t\t\t<div class=\"elementor-element elementor-element-e7d68e4 elementor-widget elementor-widget-image\" data-id=\"e7d68e4\" data-element_type=\"widget\" data-widget_type=\"image.default\">\n\t\t\t\t<div class=\"elementor-widget-container\">\n\t\t\t\t\t\t\t\t\t\t\t\t\t\t\t<img fetchpriority=\"high\" decoding=\"async\" width=\"1024\" height=\"945\" src=\"https:\/\/hotel-masaimara.com\/wp-content\/uploads\/2026\/02\/WhatsApp-Image-2026-02-19-at-12.54.15-9-1024x945.jpeg\" class=\"attachment-large size-large wp-image-5422\" alt=\"\" srcset=\"https:\/\/hotel-masaimara.com\/wp-content\/uploads\/2026\/02\/WhatsApp-Image-2026-02-19-at-12.54.15-9-1024x945.jpeg 1024w, https:\/\/hotel-masaimara.com\/wp-content\/uploads\/2026\/02\/WhatsApp-Image-2026-02-19-at-12.54.15-9-300x277.jpeg 300w, https:\/\/hotel-masaimara.com\/wp-content\/uploads\/2026\/02\/WhatsApp-Image-2026-02-19-at-12.54.15-9-768x709.jpeg 768w, https:\/\/hotel-masaimara.com\/wp-content\/uploads\/2026\/02\/WhatsApp-Image-2026-02-19-at-12.54.15-9-13x12.jpeg 13w, https:\/\/hotel-masaimara.com\/wp-content\/uploads\/2026\/02\/WhatsApp-Image-2026-02-19-at-12.54.15-9.jpeg 1200w\" sizes=\"(max-width: 1024px) 100vw, 1024px\" \/>\t\t\t\t\t\t\t\t\t\t\t\t\t\t\t<\/div>\n\t\t\t\t<\/div>\n\t\t\t\t<\/div>\n\t\t<div class=\"elementor-element elementor-element-8253286 e-con-full e-flex e-con e-child\" data-id=\"8253286\" data-element_type=\"container\">\n\t\t\t\t<div class=\"elementor-element elementor-element-3c1ee21 elementor-widget elementor-widget-heading\" data-id=\"3c1ee21\" data-element_type=\"widget\" data-widget_type=\"heading.default\">\n\t\t\t\t<div class=\"elementor-widget-container\">\n\t\t\t\t\t<h2 class=\"elementor-heading-title elementor-size-default\">Glamping de Lujo en Gran Canaria \u2013 Naturaleza con Comodidad<\/h2>\t\t\t\t<\/div>\n\t\t\t\t<\/div>\n\t\t\t\t<div class=\"elementor-element elementor-element-47ba182 elementor-widget elementor-widget-text-editor\" data-id=\"47ba182\" data-element_type=\"widget\" data-widget_type=\"text-editor.default\">\n\t\t\t\t<div class=\"elementor-widget-container\">\n\t\t\t\t\t\t\t\t\t<p>Nuestros ocho exclusivos tents de glamping en las monta\u00f1as de Gran Canaria ofrecen una experiencia \u00fanica para quienes desean disfrutar de la naturaleza sin renunciar a la comodidad.<\/p><p>Cada tienda de glamping dispone de:<\/p><p class=\"translation-block\">* Komfortable, richtige Betten f\u00fcr erholsamen Schlaf<br>* Ein privates Duschbad mit modernen Sanit\u00e4ranlagen<br>* Eine voll ausgestattete K\u00fcchenzeile<br>* Eine eigene Terrasse mit traumhaftem Blick auf die Berge und das Tal von Fataga<\/p><p>*Como hu\u00e9sped de nuestras tiendas glamping, disfrutar\u00e1, por supuesto, de acceso gratuito a nuestra piscina climatizada y a la sauna.* De este modo, podr\u00e1 combinar una estancia en plena naturaleza con bienestar y relajaci\u00f3n al m\u00e1s alto nivel.<\/p>\t\t\t\t\t\t\t\t<\/div>\n\t\t\t\t<\/div>\n\t\t\t\t<\/div>\n\t\t\t\t\t<\/div>\n\t\t\t\t<\/div>\n\t\t<div class=\"elementor-element elementor-element-ebdd9a6 e-flex e-con-boxed e-con e-parent\" data-id=\"ebdd9a6\" data-element_type=\"container\">\n\t\t\t\t\t<div class=\"e-con-inner\">\n\t\t\t\t<div class=\"elementor-element elementor-element-7219eaa elementor-widget elementor-widget-spacer\" data-id=\"7219eaa\" data-element_type=\"widget\" data-widget_type=\"spacer.default\">\n\t\t\t\t<div class=\"elementor-widget-container\">\n\t\t\t\t\t\t\t<div class=\"elementor-spacer\">\n\t\t\t<div class=\"elementor-spacer-inner\"><\/div>\n\t\t<\/div>\n\t\t\t\t\t\t<\/div>\n\t\t\t\t<\/div>\n\t\t\t\t\t<\/div>\n\t\t\t\t<\/div>\n\t\t<div class=\"elementor-element elementor-element-4aef14b e-flex e-con-boxed e-con e-parent\" data-id=\"4aef14b\" data-element_type=\"container\">\n\t\t\t\t\t<div class=\"e-con-inner\">\n\t\t<div class=\"elementor-element elementor-element-49ecbd2 e-con-full e-flex e-con e-child\" data-id=\"49ecbd2\" data-element_type=\"container\">\n\t\t\t\t<div class=\"elementor-element elementor-element-33bc5a1 elementor-widget elementor-widget-heading\" data-id=\"33bc5a1\" data-element_type=\"widget\" data-widget_type=\"heading.default\">\n\t\t\t\t<div class=\"elementor-widget-container\">\n\t\t\t\t\t<h2 class=\"elementor-heading-title elementor-size-default translation-block\">Piscina Climatizada y Sauna con Vistas a la Monta\u00f1a<\/h2>\t\t\t\t<\/div>\n\t\t\t\t<\/div>\n\t\t\t\t<div class=\"elementor-element elementor-element-4797799 elementor-widget elementor-widget-text-editor\" data-id=\"4797799\" data-element_type=\"widget\" data-widget_type=\"text-editor.default\">\n\t\t\t\t<div class=\"elementor-widget-container\">\n\t\t\t\t\t\t\t\t\t<p>Nuestras cuidadas instalaciones ofrecen las condiciones ideales para unas vacaciones relajantes en Gran Canaria:<\/p><p class=\"translation-block\">* Piscina climatizada con vistas panor\u00e1micas a las monta\u00f1as<br>* Sauna para disfrutar de relajantes momentos de bienestar<br>* Tranquilas zonas ajardinadas con naranjos y magn\u00edficas vistas<\/p><p>El clima suave y la ubicaci\u00f3n privilegiada en el valle de Fataga hacen de nuestro hotel el lugar ideal para descansar durante todo el a\u00f1o.<\/p>\t\t\t\t\t\t\t\t<\/div>\n\t\t\t\t<\/div>\n\t\t\t\t<\/div>\n\t\t<div class=\"elementor-element elementor-element-a07579b e-con-full e-flex e-con e-child\" data-id=\"a07579b\" data-element_type=\"container\">\n\t\t\t\t<div class=\"elementor-element elementor-element-d7e777d elementor-widget elementor-widget-image\" data-id=\"d7e777d\" data-element_type=\"widget\" data-widget_type=\"image.default\">\n\t\t\t\t<div class=\"elementor-widget-container\">\n\t\t\t\t\t\t\t\t\t\t\t\t\t\t\t<img decoding=\"async\" width=\"1024\" height=\"768\" src=\"https:\/\/hotel-masaimara.com\/wp-content\/uploads\/2026\/02\/WhatsApp-Image-2026-02-19-at-12.54.15-8-1024x768.jpeg\" class=\"attachment-large size-large wp-image-5387\" alt=\"\" srcset=\"https:\/\/hotel-masaimara.com\/wp-content\/uploads\/2026\/02\/WhatsApp-Image-2026-02-19-at-12.54.15-8-1024x768.jpeg 1024w, https:\/\/hotel-masaimara.com\/wp-content\/uploads\/2026\/02\/WhatsApp-Image-2026-02-19-at-12.54.15-8-300x225.jpeg 300w, https:\/\/hotel-masaimara.com\/wp-content\/uploads\/2026\/02\/WhatsApp-Image-2026-02-19-at-12.54.15-8-768x576.jpeg 768w, https:\/\/hotel-masaimara.com\/wp-content\/uploads\/2026\/02\/WhatsApp-Image-2026-02-19-at-12.54.15-8-1536x1152.jpeg 1536w, https:\/\/hotel-masaimara.com\/wp-content\/uploads\/2026\/02\/WhatsApp-Image-2026-02-19-at-12.54.15-8-16x12.jpeg 16w, https:\/\/hotel-masaimara.com\/wp-content\/uploads\/2026\/02\/WhatsApp-Image-2026-02-19-at-12.54.15-8.jpeg 1600w\" sizes=\"(max-width: 1024px) 100vw, 1024px\" \/>\t\t\t\t\t\t\t\t\t\t\t\t\t\t\t<\/div>\n\t\t\t\t<\/div>\n\t\t\t\t<\/div>\n\t\t\t\t\t<\/div>\n\t\t\t\t<\/div>\n\t\t<div class=\"elementor-element elementor-element-70c30cc e-flex e-con-boxed e-con e-parent\" data-id=\"70c30cc\" data-element_type=\"container\">\n\t\t\t\t\t<div class=\"e-con-inner\">\n\t\t\t\t<div class=\"elementor-element elementor-element-f6c4129 elementor-widget elementor-widget-spacer\" data-id=\"f6c4129\" data-element_type=\"widget\" data-widget_type=\"spacer.default\">\n\t\t\t\t<div class=\"elementor-widget-container\">\n\t\t\t\t\t\t\t<div class=\"elementor-spacer\">\n\t\t\t<div class=\"elementor-spacer-inner\"><\/div>\n\t\t<\/div>\n\t\t\t\t\t\t<\/div>\n\t\t\t\t<\/div>\n\t\t\t\t\t<\/div>\n\t\t\t\t<\/div>\n\t\t<div class=\"elementor-element elementor-element-85cb1ff e-flex e-con-boxed e-con e-parent\" data-id=\"85cb1ff\" data-element_type=\"container\">\n\t\t\t\t\t<div class=\"e-con-inner\">\n\t\t<div class=\"elementor-element elementor-element-de6f716 e-con-full e-flex e-con e-child\" data-id=\"de6f716\" data-element_type=\"container\">\n\t\t\t\t<div class=\"elementor-element elementor-element-e3b38ae elementor-widget elementor-widget-image\" data-id=\"e3b38ae\" data-element_type=\"widget\" data-widget_type=\"image.default\">\n\t\t\t\t<div class=\"elementor-widget-container\">\n\t\t\t\t\t\t\t\t\t\t\t\t\t\t\t<img decoding=\"async\" width=\"1024\" height=\"1006\" src=\"https:\/\/hotel-masaimara.com\/wp-content\/uploads\/2026\/02\/WhatsApp-Image-2026-02-19-at-12.54.15-6-1-1024x1006.jpeg\" class=\"attachment-large size-large wp-image-5423\" alt=\"\" srcset=\"https:\/\/hotel-masaimara.com\/wp-content\/uploads\/2026\/02\/WhatsApp-Image-2026-02-19-at-12.54.15-6-1-1024x1006.jpeg 1024w, https:\/\/hotel-masaimara.com\/wp-content\/uploads\/2026\/02\/WhatsApp-Image-2026-02-19-at-12.54.15-6-1-300x295.jpeg 300w, https:\/\/hotel-masaimara.com\/wp-content\/uploads\/2026\/02\/WhatsApp-Image-2026-02-19-at-12.54.15-6-1-768x755.jpeg 768w, https:\/\/hotel-masaimara.com\/wp-content\/uploads\/2026\/02\/WhatsApp-Image-2026-02-19-at-12.54.15-6-1-12x12.jpeg 12w, https:\/\/hotel-masaimara.com\/wp-content\/uploads\/2026\/02\/WhatsApp-Image-2026-02-19-at-12.54.15-6-1.jpeg 1536w\" sizes=\"(max-width: 1024px) 100vw, 1024px\" \/>\t\t\t\t\t\t\t\t\t\t\t\t\t\t\t<\/div>\n\t\t\t\t<\/div>\n\t\t\t\t<\/div>\n\t\t<div class=\"elementor-element elementor-element-a5c594d e-con-full e-flex e-con e-child\" data-id=\"a5c594d\" data-element_type=\"container\">\n\t\t\t\t<div class=\"elementor-element elementor-element-c010f1b elementor-widget elementor-widget-spacer\" data-id=\"c010f1b\" data-element_type=\"widget\" data-widget_type=\"spacer.default\">\n\t\t\t\t<div class=\"elementor-widget-container\">\n\t\t\t\t\t\t\t<div class=\"elementor-spacer\">\n\t\t\t<div class=\"elementor-spacer-inner\"><\/div>\n\t\t<\/div>\n\t\t\t\t\t\t<\/div>\n\t\t\t\t<\/div>\n\t\t\t\t<div class=\"elementor-element elementor-element-ae14944 elementor-widget elementor-widget-heading\" data-id=\"ae14944\" data-element_type=\"widget\" data-widget_type=\"heading.default\">\n\t\t\t\t<div class=\"elementor-widget-container\">\n\t\t\t\t\t<h2 class=\"elementor-heading-title elementor-size-default translation-block\">Su alojamiento especial en el valle de Fataga<\/h2>\t\t\t\t<\/div>\n\t\t\t\t<\/div>\n\t\t\t\t<div class=\"elementor-element elementor-element-b64c0a3 elementor-widget elementor-widget-text-editor\" data-id=\"b64c0a3\" data-element_type=\"widget\" data-widget_type=\"text-editor.default\">\n\t\t\t\t<div class=\"elementor-widget-container\">\n\t\t\t\t\t\t\t\t\t<p>Ya sea para una escapada rom\u00e1ntica en pareja, unas vacaciones en la naturaleza o unas vacaciones de senderismo en la monta\u00f1a, nuestro hotel de glamping y apartamentos es el alojamiento perfecto en Gran Canaria.<\/p>\t\t\t\t\t\t\t\t<\/div>\n\t\t\t\t<\/div>\n\t\t\t\t<div class=\"elementor-element elementor-element-5f42dd8 elementor-widget elementor-widget-heading\" data-id=\"5f42dd8\" data-element_type=\"widget\" data-widget_type=\"heading.default\">\n\t\t\t\t<div class=\"elementor-widget-container\">\n\t\t\t\t\t<h3 class=\"elementor-heading-title elementor-size-default\">Sus ventajas de un vistazo<\/h3>\t\t\t\t<\/div>\n\t\t\t\t<\/div>\n\t\t\t\t<div class=\"elementor-element elementor-element-4f8c77c elementor-widget elementor-widget-text-editor\" data-id=\"4f8c77c\" data-element_type=\"widget\" data-widget_type=\"text-editor.default\">\n\t\t\t\t<div class=\"elementor-widget-container\">\n\t\t\t\t\t\t\t\t\t<p style=\"text-align: left;\">\u2714 Glamping in ruhiger Berglage<br \/>\u2714 Eigenes Bad &amp; K\u00fcche in jedem Zelt<br \/>\u2714 Kostenloser Pool- &amp; Saunazugang<br \/>\u2714 Atemberaubende Aussicht<\/p>\t\t\t\t\t\t\t\t<\/div>\n\t\t\t\t<\/div>\n\t\t\t\t<div class=\"elementor-element elementor-element-e2d95a7 elementor-widget elementor-widget-text-editor\" data-id=\"e2d95a7\" data-element_type=\"widget\" data-widget_type=\"text-editor.default\">\n\t\t\t\t<div class=\"elementor-widget-container\">\n\t\t\t\t\t\t\t\t\t<p>Descubra una experiencia \u00fanica de alojamiento en Gran Canaria.<\/p>\t\t\t\t\t\t\t\t<\/div>\n\t\t\t\t<\/div>\n\t\t\t\t<div class=\"elementor-element elementor-element-61bbfec elementor-widget elementor-widget-spacer\" data-id=\"61bbfec\" data-element_type=\"widget\" data-widget_type=\"spacer.default\">\n\t\t\t\t<div class=\"elementor-widget-container\">\n\t\t\t\t\t\t\t<div class=\"elementor-spacer\">\n\t\t\t<div class=\"elementor-spacer-inner\"><\/div>\n\t\t<\/div>\n\t\t\t\t\t\t<\/div>\n\t\t\t\t<\/div>\n\t\t\t\t<\/div>\n\t\t\t\t\t<\/div>\n\t\t\t\t<\/div>\n\t\t<div class=\"elementor-element elementor-element-34313db e-flex e-con-boxed e-con e-parent\" data-id=\"34313db\" data-element_type=\"container\">\n\t\t\t\t\t<div class=\"e-con-inner\">\n\t\t\t\t<div class=\"elementor-element elementor-element-60c89cf elementor-widget elementor-widget-spacer\" data-id=\"60c89cf\" data-element_type=\"widget\" data-widget_type=\"spacer.default\">\n\t\t\t\t<div class=\"elementor-widget-container\">\n\t\t\t\t\t\t\t<div class=\"elementor-spacer\">\n\t\t\t<div class=\"elementor-spacer-inner\"><\/div>\n\t\t<\/div>\n\t\t\t\t\t\t<\/div>\n\t\t\t\t<\/div>\n\t\t\t\t\t<\/div>\n\t\t\t\t<\/div>\n\t\t<div class=\"elementor-element elementor-element-e3c5129 e-flex e-con-boxed e-con e-parent\" data-id=\"e3c5129\" data-element_type=\"container\">\n\t\t\t\t\t<div class=\"e-con-inner\">\n\t\t\t\t<div class=\"elementor-element elementor-element-3afe50e elementor-widget elementor-widget-heading\" data-id=\"3afe50e\" data-element_type=\"widget\" data-widget_type=\"heading.default\">\n\t\t\t\t<div class=\"elementor-widget-container\">\n\t\t\t\t\t<h2 class=\"elementor-heading-title elementor-size-default\">Reserve nuestras tiendas glamping<\/h2>\t\t\t\t<\/div>\n\t\t\t\t<\/div>\n\t\t\t\t<div class=\"elementor-element elementor-element-ccea144 elementor-align-center elementor-widget elementor-widget-button\" data-id=\"ccea144\" data-element_type=\"widget\" data-widget_type=\"button.default\">\n\t\t\t\t<div class=\"elementor-widget-container\">\n\t\t\t\t\t\t\t\t\t<div class=\"elementor-button-wrapper\">\n\t\t\t\t\t<a class=\"elementor-button elementor-button-link elementor-size-sm\" href=\"https:\/\/book.octorate.com\/octobook\/site\/reservation\/index.xhtml?codice=29340\">\n\t\t\t\t\t\t<span class=\"elementor-button-content-wrapper\">\n\t\t\t\t\t\t\t\t\t<span class=\"elementor-button-text\">A nuestra p\u00e1gina de reservas<\/span>\n\t\t\t\t\t<\/span>\n\t\t\t\t\t<\/a>\n\t\t\t\t<\/div>\n\t\t\t\t\t\t\t\t<\/div>\n\t\t\t\t<\/div>\n\t\t\t\t\t<\/div>\n\t\t\t\t<\/div>\n\t\t<div class=\"elementor-element elementor-element-5b37e0e e-flex e-con-boxed e-con e-parent\" data-id=\"5b37e0e\" data-element_type=\"container\">\n\t\t\t\t\t<div class=\"e-con-inner\">\n\t\t\t\t<div class=\"elementor-element elementor-element-e652b0e elementor-widget elementor-widget-spacer\" data-id=\"e652b0e\" data-element_type=\"widget\" data-widget_type=\"spacer.default\">\n\t\t\t\t<div class=\"elementor-widget-container\">\n\t\t\t\t\t\t\t<div class=\"elementor-spacer\">\n\t\t\t<div class=\"elementor-spacer-inner\"><\/div>\n\t\t<\/div>\n\t\t\t\t\t\t<\/div>\n\t\t\t\t<\/div>\n\t\t\t\t<div class=\"elementor-element elementor-element-b7860b7 elementor-widget elementor-widget-heading\" data-id=\"b7860b7\" data-element_type=\"widget\" data-widget_type=\"heading.default\">\n\t\t\t\t<div class=\"elementor-widget-container\">\n\t\t\t\t\t<h2 class=\"elementor-heading-title elementor-size-default\">Im\u00e1genes de las tiendas de glamping<\/h2>\t\t\t\t<\/div>\n\t\t\t\t<\/div>\n\t\t\t\t<div class=\"elementor-element elementor-element-1744c56 elementor-arrows-position-inside elementor-pagination-position-outside elementor-widget elementor-widget-image-carousel\" data-id=\"1744c56\" data-element_type=\"widget\" data-settings=\"{&quot;navigation&quot;:&quot;both&quot;,&quot;autoplay&quot;:&quot;yes&quot;,&quot;pause_on_hover&quot;:&quot;yes&quot;,&quot;pause_on_interaction&quot;:&quot;yes&quot;,&quot;autoplay_speed&quot;:5000,&quot;infinite&quot;:&quot;yes&quot;,&quot;speed&quot;:500}\" data-widget_type=\"image-carousel.default\">\n\t\t\t\t<div class=\"elementor-widget-container\">\n\t\t\t\t\t\t\t<div class=\"elementor-image-carousel-wrapper swiper\" role=\"region\" aria-roledescription=\"carousel\" aria-label=\"Bild Karussell\" dir=\"ltr\">\n\t\t\t<div class=\"elementor-image-carousel swiper-wrapper\" aria-live=\"off\">\n\t\t\t\t\t\t\t\t<div class=\"swiper-slide\" role=\"group\" aria-roledescription=\"slide\" aria-label=\"1 von 8\"><figure class=\"swiper-slide-inner\"><img decoding=\"async\" class=\"swiper-slide-image\" src=\"https:\/\/hotel-masaimara.com\/wp-content\/uploads\/2026\/02\/WhatsApp-Image-2026-02-19-at-12.54.15-10-1024x768.jpeg\" alt=\"WhatsApp Image 2026-02-19 at 12.54.15\" \/><\/figure><\/div><div class=\"swiper-slide\" role=\"group\" aria-roledescription=\"slide\" aria-label=\"2 von 8\"><figure class=\"swiper-slide-inner\"><img decoding=\"async\" class=\"swiper-slide-image\" src=\"https:\/\/hotel-masaimara.com\/wp-content\/uploads\/2026\/02\/WhatsApp-Image-2026-02-19-at-12.54.15-4-1-1024x768.jpeg\" alt=\"WhatsApp Image 2026-02-19 at 12.54.15 (4)\" \/><\/figure><\/div><div class=\"swiper-slide\" role=\"group\" aria-roledescription=\"slide\" aria-label=\"3 von 8\"><figure class=\"swiper-slide-inner\"><img decoding=\"async\" class=\"swiper-slide-image\" src=\"https:\/\/hotel-masaimara.com\/wp-content\/uploads\/2026\/02\/WhatsApp-Image-2026-02-19-at-12.54.15-5-1-1024x768.jpeg\" alt=\"WhatsApp Image 2026-02-19 at 12.54.15 (5)\" \/><\/figure><\/div><div class=\"swiper-slide\" role=\"group\" aria-roledescription=\"slide\" aria-label=\"4 von 8\"><figure class=\"swiper-slide-inner\"><img decoding=\"async\" class=\"swiper-slide-image\" src=\"https:\/\/hotel-masaimara.com\/wp-content\/uploads\/2026\/02\/WhatsApp-Image-2026-02-19-at-12.54.15-6-2-1024x768.jpeg\" alt=\"WhatsApp Image 2026-02-19 at 12.54.15 (6)\" \/><\/figure><\/div><div class=\"swiper-slide\" role=\"group\" aria-roledescription=\"slide\" aria-label=\"5 von 8\"><figure class=\"swiper-slide-inner\"><img decoding=\"async\" class=\"swiper-slide-image\" src=\"https:\/\/hotel-masaimara.com\/wp-content\/uploads\/2026\/02\/WhatsApp-Image-2026-02-19-at-12.54.15-7-1-1024x768.jpeg\" alt=\"WhatsApp Image 2026-02-19 at 12.54.15 (7)\" \/><\/figure><\/div><div class=\"swiper-slide\" role=\"group\" aria-roledescription=\"slide\" aria-label=\"6 von 8\"><figure class=\"swiper-slide-inner\"><img decoding=\"async\" class=\"swiper-slide-image\" src=\"https:\/\/hotel-masaimara.com\/wp-content\/uploads\/2026\/02\/WhatsApp-Image-2026-02-19-at-12.54.15-1-768x1024.jpeg\" alt=\"WhatsApp Image 2026-02-19 at 12.54.15 (1)\" \/><\/figure><\/div><div class=\"swiper-slide\" role=\"group\" aria-roledescription=\"slide\" aria-label=\"7 von 8\"><figure class=\"swiper-slide-inner\"><img decoding=\"async\" class=\"swiper-slide-image\" src=\"https:\/\/hotel-masaimara.com\/wp-content\/uploads\/2026\/02\/WhatsApp-Image-2026-02-19-at-12.54.15-2-768x1024.jpeg\" alt=\"WhatsApp Image 2026-02-19 at 12.54.15 (2)\" \/><\/figure><\/div><div class=\"swiper-slide\" role=\"group\" aria-roledescription=\"slide\" aria-label=\"8 von 8\"><figure class=\"swiper-slide-inner\"><img decoding=\"async\" class=\"swiper-slide-image\" src=\"https:\/\/hotel-masaimara.com\/wp-content\/uploads\/2026\/02\/WhatsApp-Image-2026-02-19-at-12.54.15-3-768x1024.jpeg\" alt=\"WhatsApp Image 2026-02-19 at 12.54.15 (3)\" \/><\/figure><\/div>\t\t\t<\/div>\n\t\t\t\t\t\t\t\t\t\t\t\t<div class=\"elementor-swiper-button elementor-swiper-button-prev\" role=\"button\" tabindex=\"0\">\n\t\t\t\t\t\t<svg aria-hidden=\"true\" class=\"e-font-icon-svg e-eicon-chevron-left\" viewbox=\"0 0 1000 1000\" xmlns=\"http:\/\/www.w3.org\/2000\/svg\"><path d=\"M646 125C629 125 613 133 604 142L308 442C296 454 292 471 292 487 292 504 296 521 308 533L604 854C617 867 629 875 646 875 663 875 679 871 692 858 704 846 713 829 713 812 713 796 708 779 692 767L438 487 692 225C700 217 708 204 708 187 708 171 704 154 692 142 675 129 663 125 646 125Z\"><\/path><\/svg>\t\t\t\t\t<\/div>\n\t\t\t\t\t<div class=\"elementor-swiper-button elementor-swiper-button-next\" role=\"button\" tabindex=\"0\">\n\t\t\t\t\t\t<svg aria-hidden=\"true\" class=\"e-font-icon-svg e-eicon-chevron-right\" viewbox=\"0 0 1000 1000\" xmlns=\"http:\/\/www.w3.org\/2000\/svg\"><path d=\"M696 533C708 521 713 504 713 487 713 471 708 454 696 446L400 146C388 133 375 125 354 125 338 125 325 129 313 142 300 154 292 171 292 187 292 204 296 221 308 233L563 492 304 771C292 783 288 800 288 817 288 833 296 850 308 863 321 871 338 875 354 875 371 875 388 867 400 854L696 533Z\"><\/path><\/svg>\t\t\t\t\t<\/div>\n\t\t\t\t\n\t\t\t\t\t\t\t\t\t<div class=\"swiper-pagination\"><\/div>\n\t\t\t\t\t\t\t\t\t<\/div>\n\t\t\t\t\t\t<\/div>\n\t\t\t\t<\/div>\n\t\t\t\t\t<\/div>\n\t\t\t\t<\/div>\n\t\t<div class=\"elementor-element elementor-element-3d4ecce e-flex e-con-boxed e-con e-parent\" data-id=\"3d4ecce\" data-element_type=\"container\">\n\t\t\t\t\t<div class=\"e-con-inner\">\n\t\t\t\t<div class=\"elementor-element elementor-element-9d95adf elementor-widget elementor-widget-spacer\" data-id=\"9d95adf\" data-element_type=\"widget\" data-widget_type=\"spacer.default\">\n\t\t\t\t<div class=\"elementor-widget-container\">\n\t\t\t\t\t\t\t<div class=\"elementor-spacer\">\n\t\t\t<div class=\"elementor-spacer-inner\"><\/div>\n\t\t<\/div>\n\t\t\t\t\t\t<\/div>\n\t\t\t\t<\/div>\n\t\t\t\t\t<\/div>\n\t\t\t\t<\/div>\n\t\t<div class=\"elementor-element elementor-element-6e15f56 e-flex e-con-boxed e-con e-parent\" data-id=\"6e15f56\" data-element_type=\"container\">\n\t\t\t\t\t<div class=\"e-con-inner\">\n\t\t\t\t<div class=\"elementor-element elementor-element-7b9dfaa elementor-widget elementor-widget-html\" data-id=\"7b9dfaa\" data-element_type=\"widget\" data-widget_type=\"html.default\">\n\t\t\t\t<div class=\"elementor-widget-container\">\n\t\t\t\t\t<div id=\"octobook-widget\"><\/div>\n\n<script \nsrc=\"https:\/\/resx.octorate.com\/octobook\/resources\/widget\/js\/form.js\" \ndata-sitekey=\"2e623d1f92d6dc8790417a4eaf72eda7\">\n<\/script>\t\t\t\t<\/div>\n\t\t\t\t<\/div>\n\t\t\t\t\t<\/div>\n\t\t\t\t<\/div>\n\t\t\t\t<\/div>","protected":false},"excerpt":{"rendered":"<p>Glamping Zelte Glamping &#038; Appartement Hotel in den Bergen von Gran Canaria \u2013 Natur, Ruhe &#038; Komfort Willkommen in unserem einzigartigen Appartement- und Glampinghotel auf Gran Canaria \u2013 idyllisch gelegen im wundersch\u00f6nen Tal von Fataga. Umgeben von Orangenb\u00e4umen, beeindruckenden Berglandschaften und einer atemberaubenden Aussicht erwartet Sie eine besondere Unterkunft fernab vom Massentourismus. Unsere Anlage verbindet [&hellip;]<\/p>","protected":false},"author":1,"featured_media":0,"parent":0,"menu_order":0,"comment_status":"closed","ping_status":"closed","template":"elementor_header_footer","meta":{"footnotes":""},"class_list":["post-5385","page","type-page","status-publish","hentry","post-no-thumbnail"],"_links":{"self":[{"href":"https:\/\/hotel-masaimara.com\/es\/wp-json\/wp\/v2\/pages\/5385","targetHints":{"allow":["GET"]}}],"collection":[{"href":"https:\/\/hotel-masaimara.com\/es\/wp-json\/wp\/v2\/pages"}],"about":[{"href":"https:\/\/hotel-masaimara.com\/es\/wp-json\/wp\/v2\/types\/page"}],"author":[{"embeddable":true,"href":"https:\/\/hotel-masaimara.com\/es\/wp-json\/wp\/v2\/users\/1"}],"replies":[{"embeddable":true,"href":"https:\/\/hotel-masaimara.com\/es\/wp-json\/wp\/v2\/comments?post=5385"}],"version-history":[{"count":41,"href":"https:\/\/hotel-masaimara.com\/es\/wp-json\/wp\/v2\/pages\/5385\/revisions"}],"predecessor-version":[{"id":5499,"href":"https:\/\/hotel-masaimara.com\/es\/wp-json\/wp\/v2\/pages\/5385\/revisions\/5499"}],"wp:attachment":[{"href":"https:\/\/hotel-masaimara.com\/es\/wp-json\/wp\/v2\/media?parent=5385"}],"curies":[{"name":"wp","href":"https:\/\/api.w.org\/{rel}","templated":true}]}}